{"id":10190,"date":"2023-01-04T07:38:41","date_gmt":"2023-01-04T12:38:41","guid":{"rendered":"https:\/\/www.sevenrealty.com\/portao-dos-campeoes\/"},"modified":"2024-04-20T01:23:42","modified_gmt":"2024-04-20T05:23:42","slug":"portao-dos-campeoes","status":"publish","type":"page","link":"https:\/\/www.sevenrealty.com\/pt-br\/portao-dos-campeoes\/","title":{"rendered":"Port\u00e3o dos Campe\u00f5es"},"content":{"rendered":"\t\t<div data-elementor-type=\"wp-page\" data-elementor-id=\"10190\" class=\"elementor elementor-10190 elementor-8939\">\n\t\t\t\t\t\t<section class=\"elementor-section elementor-top-section elementor-element elementor-element-afadb3a elementor-section-full_width elementor-section-height-min-height elementor-section-height-default elementor-section-items-middle\" data-id=\"afadb3a\" data-element_type=\"section\" data-e-type=\"section\" data-settings=\"{&quot;background_background&quot;:&quot;classic&quot;}\">\n\t\t\t\t\t\t\t<div class=\"elementor-background-overlay\"><\/div>\n\t\t\t\t\t\t\t<div class=\"elementor-container elementor-column-gap-default\">\n\t\t\t\t\t<div class=\"elementor-column elementor-col-100 elementor-top-column elementor-element elementor-element-b04a28d\" data-id=\"b04a28d\" data-element_type=\"column\" data-e-type=\"column\">\n\t\t\t<div class=\"elementor-widget-wrap elementor-element-populated\">\n\t\t\t\t\t\t<div class=\"elementor-element elementor-element-4b04d8d elementor-widget elementor-widget-heading\" data-id=\"4b04d8d\" data-element_type=\"widget\" data-e-type=\"widget\" data-widget_type=\"heading.default\">\n\t\t\t\t<div class=\"elementor-widget-container\">\n\t\t\t\t\t<h2 class=\"elementor-heading-title elementor-size-default\">Champions Gate FL<\/h2>\t\t\t\t<\/div>\n\t\t\t\t<\/div>\n\t\t\t\t\t<\/div>\n\t\t<\/div>\n\t\t\t\t\t<\/div>\n\t\t<\/section>\n\t\t\t\t<section class=\"elementor-section elementor-top-section elementor-element elementor-element-8a73e8b elementor-section-boxed elementor-section-height-default elementor-section-height-default\" data-id=\"8a73e8b\" data-element_type=\"section\" data-e-type=\"section\">\n\t\t\t\t\t\t<div class=\"elementor-container elementor-column-gap-default\">\n\t\t\t\t\t<div class=\"elementor-column elementor-col-100 elementor-top-column elementor-element elementor-element-6e8aa1a\" data-id=\"6e8aa1a\" data-element_type=\"column\" data-e-type=\"column\">\n\t\t\t<div class=\"elementor-widget-wrap elementor-element-populated\">\n\t\t\t\t\t\t<section class=\"elementor-section elementor-inner-section elementor-element elementor-element-cfb80da elementor-section-boxed elementor-section-height-default elementor-section-height-default\" data-id=\"cfb80da\" data-element_type=\"section\" data-e-type=\"section\">\n\t\t\t\t\t\t<div class=\"elementor-container elementor-column-gap-default\">\n\t\t\t\t\t<div class=\"elementor-column elementor-col-50 elementor-inner-column elementor-element elementor-element-3160e8c\" data-id=\"3160e8c\" data-element_type=\"column\" data-e-type=\"column\">\n\t\t\t<div class=\"elementor-widget-wrap elementor-element-populated\">\n\t\t\t\t\t\t<div class=\"elementor-element elementor-element-b1d8443 elementor-widget elementor-widget-heading\" data-id=\"b1d8443\" data-element_type=\"widget\" data-e-type=\"widget\" data-widget_type=\"heading.default\">\n\t\t\t\t<div class=\"elementor-widget-container\">\n\t\t\t\t\t<h2 class=\"elementor-heading-title elementor-size-default\">Champions Gate FL Im\u00f3veis<\/h2>\t\t\t\t<\/div>\n\t\t\t\t<\/div>\n\t\t\t\t<div class=\"elementor-element elementor-element-79a9b85 elementor-widget elementor-widget-text-editor\" data-id=\"79a9b85\" data-element_type=\"widget\" data-e-type=\"widget\" data-widget_type=\"text-editor.default\">\n\t\t\t\t<div class=\"elementor-widget-container\">\n\t\t\t\t\t\t\t\t\tEm Kissimmee, Fl\u00f3rida, o Champions Gate Resort fica a apenas 10 minutos de carro da Disney World, a 20 minutos de carro do Universal Studios e a 30 minutos de carro do SeaWorld.\nPara nossos h\u00f3spedes que chegam de avi\u00e3o, esse ador\u00e1vel resort \u00e9 conveniente tanto para o aeroporto quanto para outros destinos tur\u00edsticos conhecidos (apenas 30 minutos de carro).\n\nQuando se trata de comodidades de luxo, como um campo de golfe de 18 buracos, bar Tiki, restaurante, academia de gin\u00e1stica de \u00faltima gera\u00e7\u00e3o e cabanas privativas, esse opulento resort vai muito al\u00e9m.\nO rio lento, o splash pad e as quadras de v\u00f4lei de praia s\u00e3o apenas algumas das muitas comodidades que esse resort tem a oferecer para recrea\u00e7\u00e3o ao ar livre.\nAl\u00e9m disso, n\u00e3o para por a\u00ed!\nAproveite\n\t\t\t\t\t\t\t\t<\/div>\n\t\t\t\t<\/div>\n\t\t\t\t\t<\/div>\n\t\t<\/div>\n\t\t\t\t<div class=\"elementor-column elementor-col-50 elementor-inner-column elementor-element elementor-element-e5915f7\" data-id=\"e5915f7\" data-element_type=\"column\" data-e-type=\"column\" id=\"img-box\" data-settings=\"{&quot;background_background&quot;:&quot;classic&quot;}\">\n\t\t\t<div class=\"elementor-widget-wrap elementor-element-populated\">\n\t\t\t\t\t\t<div class=\"elementor-element elementor-element-915de62 elementor-widget elementor-widget-image\" data-id=\"915de62\" data-element_type=\"widget\" data-e-type=\"widget\" data-widget_type=\"image.default\">\n\t\t\t\t<div class=\"elementor-widget-container\">\n\t\t\t\t\t\t\t\t\t\t\t\t\t\t\t<img fetchpriority=\"high\" decoding=\"async\" width=\"738\" height=\"400\" src=\"https:\/\/www.sevenrealty.com\/wp-content\/uploads\/2020\/02\/d003-6.jpg\" class=\"attachment-large size-large wp-image-9818\" alt=\"\" srcset=\"https:\/\/www.sevenrealty.com\/wp-content\/uploads\/2020\/02\/d003-6.jpg 1024w, https:\/\/www.sevenrealty.com\/wp-content\/uploads\/2020\/02\/d003-6-300x163.jpg 300w, https:\/\/www.sevenrealty.com\/wp-content\/uploads\/2020\/02\/d003-6-768x416.jpg 768w, https:\/\/www.sevenrealty.com\/wp-content\/uploads\/2020\/02\/d003-6-150x81.jpg 150w\" sizes=\"(max-width: 738px) 100vw, 738px\" \/>\t\t\t\t\t\t\t\t\t\t\t\t\t\t\t<\/div>\n\t\t\t\t<\/div>\n\t\t\t\t\t<\/div>\n\t\t<\/div>\n\t\t\t\t\t<\/div>\n\t\t<\/section>\n\t\t\t\t\t<\/div>\n\t\t<\/div>\n\t\t\t\t\t<\/div>\n\t\t<\/section>\n\t\t\t\t<section class=\"elementor-section elementor-top-section elementor-element elementor-element-c486b92 elementor-section-full_width elementor-section-height-default elementor-section-height-default\" data-id=\"c486b92\" data-element_type=\"section\" data-e-type=\"section\">\n\t\t\t\t\t\t<div class=\"elementor-container elementor-column-gap-default\">\n\t\t\t\t\t<div class=\"elementor-column elementor-col-100 elementor-top-column elementor-element elementor-element-d7ab882\" data-id=\"d7ab882\" data-element_type=\"column\" data-e-type=\"column\">\n\t\t\t<div class=\"elementor-widget-wrap elementor-element-populated\">\n\t\t\t\t\t\t<section class=\"elementor-section elementor-inner-section elementor-element elementor-element-9ef3944 elementor-section-boxed elementor-section-height-default elementor-section-height-default\" data-id=\"9ef3944\" data-element_type=\"section\" data-e-type=\"section\">\n\t\t\t\t\t\t<div class=\"elementor-container elementor-column-gap-default\">\n\t\t\t\t\t<div class=\"elementor-column elementor-col-100 elementor-inner-column elementor-element elementor-element-b1bd5b8\" data-id=\"b1bd5b8\" data-element_type=\"column\" data-e-type=\"column\">\n\t\t\t<div class=\"elementor-widget-wrap elementor-element-populated\">\n\t\t\t\t\t\t<div class=\"elementor-element elementor-element-f5a66f1 elementor-widget elementor-widget-heading\" data-id=\"f5a66f1\" data-element_type=\"widget\" data-e-type=\"widget\" data-widget_type=\"heading.default\">\n\t\t\t\t<div class=\"elementor-widget-container\">\n\t\t\t\t\t<h2 class=\"elementor-heading-title elementor-size-default\">Casas dispon\u00edveis para venda em Champions Gate FL<\/h2>\t\t\t\t<\/div>\n\t\t\t\t<\/div>\n\t\t\t\t<div class=\"elementor-element elementor-element-7ecf9b5 elementor-widget elementor-widget-shortcode\" data-id=\"7ecf9b5\" data-element_type=\"widget\" data-e-type=\"widget\" id=\"srchp\" data-widget_type=\"shortcode.default\">\n\t\t\t\t<div class=\"elementor-widget-container\">\n\t\t\t\t\t\t\t<div class=\"elementor-shortcode\"><script charset=\"UTF-8\" type=\"text\/javascript\" id=\"idxwidgetsrc-45651\" src=\"\/\/homes-for-sale.sevenrealty.com\/idx\/customshowcasejs.php?widgetid=45651\"><\/script><\/div>\n\t\t\t\t\t\t<\/div>\n\t\t\t\t<\/div>\n\t\t\t\t<div class=\"elementor-element elementor-element-fb7e901 elementor-align-center elementor-invisible elementor-widget elementor-widget-button\" data-id=\"fb7e901\" data-element_type=\"widget\" data-e-type=\"widget\" data-settings=\"{&quot;_animation&quot;:&quot;fadeInLeft&quot;}\" data-widget_type=\"button.default\">\n\t\t\t\t<div class=\"elementor-widget-container\">\n\t\t\t\t\t\t\t\t\t<div class=\"elementor-button-wrapper\">\n\t\t\t\t\t<a class=\"elementor-button elementor-button-link elementor-size-sm elementor-animation-pulse\" href=\"https:\/\/sevenrealty.idxbroker.com\/i\/homes-for-sale-in-champions-gate-fl\">\n\t\t\t\t\t\t<span class=\"elementor-button-content-wrapper\">\n\t\t\t\t\t\t\t\t\t<span class=\"elementor-button-text\">Ver todas as propriedades<\/span>\n\t\t\t\t\t<\/span>\n\t\t\t\t\t<\/a>\n\t\t\t\t<\/div>\n\t\t\t\t\t\t\t\t<\/div>\n\t\t\t\t<\/div>\n\t\t\t\t\t<\/div>\n\t\t<\/div>\n\t\t\t\t\t<\/div>\n\t\t<\/section>\n\t\t\t\t\t<\/div>\n\t\t<\/div>\n\t\t\t\t\t<\/div>\n\t\t<\/section>\n\t\t\t\t<\/div>\n\t\t","protected":false},"excerpt":{"rendered":"<p>Champions Gate FL Champions Gate FL Im\u00f3veis Em Kissimmee, Fl\u00f3rida, o Champions Gate Resort fica a apenas 10 minutos de carro da Disney World, a 20 minutos de carro do Universal Studios e a 30 minutos de carro do SeaWorld. Para nossos h\u00f3spedes que chegam de avi\u00e3o, esse ador\u00e1vel resort \u00e9 conveniente tanto para o&#8230;<\/p>\n","protected":false},"author":2,"featured_media":0,"parent":0,"menu_order":0,"comment_status":"closed","ping_status":"closed","template":"elementor_header_footer","meta":{"footnotes":""},"class_list":["post-10190","page","type-page","status-publish","hentry"],"yoast_head":"<!-- This site is optimized with the Yoast SEO plugin v27.1.1 - https:\/\/yoast.com\/product\/yoast-seo-wordpress\/ -->\n<title>Port\u00e3o dos Campe\u00f5es | Orlando homes for sale | Florida vacation homes<\/title>\n<meta name=\"robots\" content=\"index, follow, max-snippet:-1, max-image-preview:large, max-video-preview:-1\" \/>\n<link rel=\"canonical\" href=\"https:\/\/www.sevenrealty.com\/pt-br\/portao-dos-campeoes\/\" \/>\n<meta property=\"og:locale\" content=\"pt_BR\" \/>\n<meta property=\"og:type\" content=\"article\" \/>\n<meta property=\"og:title\" content=\"Port\u00e3o dos Campe\u00f5es | Orlando homes for sale | Florida vacation homes\" \/>\n<meta property=\"og:description\" content=\"Champions Gate FL Champions Gate FL Im\u00f3veis Em Kissimmee, Fl\u00f3rida, o Champions Gate Resort fica a apenas 10 minutos de carro da Disney World, a 20 minutos de carro do Universal Studios e a 30 minutos de carro do SeaWorld. Para nossos h\u00f3spedes que chegam de avi\u00e3o, esse ador\u00e1vel resort \u00e9 conveniente tanto para o...\" \/>\n<meta property=\"og:url\" content=\"https:\/\/www.sevenrealty.com\/pt-br\/portao-dos-campeoes\/\" \/>\n<meta property=\"og:site_name\" content=\"Orlando homes for sale | Florida vacation homes\" \/>\n<meta property=\"article:publisher\" content=\"https:\/\/www.facebook.com\/sevenrealtyorlando\" \/>\n<meta property=\"article:modified_time\" content=\"2024-04-20T05:23:42+00:00\" \/>\n<meta property=\"og:image\" content=\"https:\/\/www.sevenrealty.com\/wp-content\/uploads\/2020\/02\/d003-6.jpg\" \/>\n<meta name=\"twitter:card\" content=\"summary_large_image\" \/>\n<meta name=\"twitter:label1\" content=\"Est. tempo de leitura\" \/>\n\t<meta name=\"twitter:data1\" content=\"1 minuto\" \/>\n<script type=\"application\/ld+json\" class=\"yoast-schema-graph\">{\"@context\":\"https:\/\/schema.org\",\"@graph\":[{\"@type\":\"WebPage\",\"@id\":\"https:\/\/www.sevenrealty.com\/pt-br\/portao-dos-campeoes\/\",\"url\":\"https:\/\/www.sevenrealty.com\/pt-br\/portao-dos-campeoes\/\",\"name\":\"Port\u00e3o dos Campe\u00f5es | Orlando homes for sale | Florida vacation homes\",\"isPartOf\":{\"@id\":\"https:\/\/www.sevenrealty.com\/pt-br\/#website\"},\"primaryImageOfPage\":{\"@id\":\"https:\/\/www.sevenrealty.com\/pt-br\/portao-dos-campeoes\/#primaryimage\"},\"image\":{\"@id\":\"https:\/\/www.sevenrealty.com\/pt-br\/portao-dos-campeoes\/#primaryimage\"},\"thumbnailUrl\":\"https:\/\/www.sevenrealty.com\/wp-content\/uploads\/2020\/02\/d003-6.jpg\",\"datePublished\":\"2023-01-04T12:38:41+00:00\",\"dateModified\":\"2024-04-20T05:23:42+00:00\",\"breadcrumb\":{\"@id\":\"https:\/\/www.sevenrealty.com\/pt-br\/portao-dos-campeoes\/#breadcrumb\"},\"inLanguage\":\"pt-BR\",\"potentialAction\":[{\"@type\":\"ReadAction\",\"target\":[\"https:\/\/www.sevenrealty.com\/pt-br\/portao-dos-campeoes\/\"]}]},{\"@type\":\"ImageObject\",\"inLanguage\":\"pt-BR\",\"@id\":\"https:\/\/www.sevenrealty.com\/pt-br\/portao-dos-campeoes\/#primaryimage\",\"url\":\"https:\/\/www.sevenrealty.com\/wp-content\/uploads\/2020\/02\/d003-6.jpg\",\"contentUrl\":\"https:\/\/www.sevenrealty.com\/wp-content\/uploads\/2020\/02\/d003-6.jpg\"},{\"@type\":\"BreadcrumbList\",\"@id\":\"https:\/\/www.sevenrealty.com\/pt-br\/portao-dos-campeoes\/#breadcrumb\",\"itemListElement\":[{\"@type\":\"ListItem\",\"position\":1,\"name\":\"Home\",\"item\":\"https:\/\/www.sevenrealty.com\/pt-br\/\"},{\"@type\":\"ListItem\",\"position\":2,\"name\":\"Port\u00e3o dos Campe\u00f5es\"}]},{\"@type\":\"WebSite\",\"@id\":\"https:\/\/www.sevenrealty.com\/pt-br\/#website\",\"url\":\"https:\/\/www.sevenrealty.com\/pt-br\/\",\"name\":\"Orlando homes for sale | Florida vacation homes\",\"description\":\"Orlando Real Estate &amp; Homes | Buy a home in Orlando\",\"publisher\":{\"@id\":\"https:\/\/www.sevenrealty.com\/pt-br\/#organization\"},\"alternateName\":\"Homes for Sale in Orlando\",\"potentialAction\":[{\"@type\":\"SearchAction\",\"target\":{\"@type\":\"EntryPoint\",\"urlTemplate\":\"https:\/\/www.sevenrealty.com\/pt-br\/?s={search_term_string}\"},\"query-input\":{\"@type\":\"PropertyValueSpecification\",\"valueRequired\":true,\"valueName\":\"search_term_string\"}}],\"inLanguage\":\"pt-BR\"},{\"@type\":\"Organization\",\"@id\":\"https:\/\/www.sevenrealty.com\/pt-br\/#organization\",\"name\":\"Orlando homes for sale | Florida vacation homes\",\"alternateName\":\"Buy a home in Orlando\",\"url\":\"https:\/\/www.sevenrealty.com\/pt-br\/\",\"logo\":{\"@type\":\"ImageObject\",\"inLanguage\":\"pt-BR\",\"@id\":\"https:\/\/www.sevenrealty.com\/pt-br\/#\/schema\/logo\/image\/\",\"url\":\"https:\/\/www.sevenrealty.com\/wp-content\/uploads\/2024\/04\/favicon.png\",\"contentUrl\":\"https:\/\/www.sevenrealty.com\/wp-content\/uploads\/2024\/04\/favicon.png\",\"width\":225,\"height\":225,\"caption\":\"Orlando homes for sale | Florida vacation homes\"},\"image\":{\"@id\":\"https:\/\/www.sevenrealty.com\/pt-br\/#\/schema\/logo\/image\/\"},\"sameAs\":[\"https:\/\/www.facebook.com\/sevenrealtyorlando\",\"https:\/\/www.instagram.com\/sevenrealtyorlando\/\",\"https:\/\/www.youtube.com\/@sevenrealty7232\"]}]}<\/script>\n<!-- \/ Yoast SEO plugin. -->","yoast_head_json":{"title":"Port\u00e3o dos Campe\u00f5es | Orlando homes for sale | Florida vacation homes","robots":{"index":"index","follow":"follow","max-snippet":"max-snippet:-1","max-image-preview":"max-image-preview:large","max-video-preview":"max-video-preview:-1"},"canonical":"https:\/\/www.sevenrealty.com\/pt-br\/portao-dos-campeoes\/","og_locale":"pt_BR","og_type":"article","og_title":"Port\u00e3o dos Campe\u00f5es | Orlando homes for sale | Florida vacation homes","og_description":"Champions Gate FL Champions Gate FL Im\u00f3veis Em Kissimmee, Fl\u00f3rida, o Champions Gate Resort fica a apenas 10 minutos de carro da Disney World, a 20 minutos de carro do Universal Studios e a 30 minutos de carro do SeaWorld. Para nossos h\u00f3spedes que chegam de avi\u00e3o, esse ador\u00e1vel resort \u00e9 conveniente tanto para o...","og_url":"https:\/\/www.sevenrealty.com\/pt-br\/portao-dos-campeoes\/","og_site_name":"Orlando homes for sale | Florida vacation homes","article_publisher":"https:\/\/www.facebook.com\/sevenrealtyorlando","article_modified_time":"2024-04-20T05:23:42+00:00","og_image":[{"url":"https:\/\/www.sevenrealty.com\/wp-content\/uploads\/2020\/02\/d003-6.jpg","type":"","width":"","height":""}],"twitter_card":"summary_large_image","twitter_misc":{"Est. tempo de leitura":"1 minuto"},"schema":{"@context":"https:\/\/schema.org","@graph":[{"@type":"WebPage","@id":"https:\/\/www.sevenrealty.com\/pt-br\/portao-dos-campeoes\/","url":"https:\/\/www.sevenrealty.com\/pt-br\/portao-dos-campeoes\/","name":"Port\u00e3o dos Campe\u00f5es | Orlando homes for sale | Florida vacation homes","isPartOf":{"@id":"https:\/\/www.sevenrealty.com\/pt-br\/#website"},"primaryImageOfPage":{"@id":"https:\/\/www.sevenrealty.com\/pt-br\/portao-dos-campeoes\/#primaryimage"},"image":{"@id":"https:\/\/www.sevenrealty.com\/pt-br\/portao-dos-campeoes\/#primaryimage"},"thumbnailUrl":"https:\/\/www.sevenrealty.com\/wp-content\/uploads\/2020\/02\/d003-6.jpg","datePublished":"2023-01-04T12:38:41+00:00","dateModified":"2024-04-20T05:23:42+00:00","breadcrumb":{"@id":"https:\/\/www.sevenrealty.com\/pt-br\/portao-dos-campeoes\/#breadcrumb"},"inLanguage":"pt-BR","potentialAction":[{"@type":"ReadAction","target":["https:\/\/www.sevenrealty.com\/pt-br\/portao-dos-campeoes\/"]}]},{"@type":"ImageObject","inLanguage":"pt-BR","@id":"https:\/\/www.sevenrealty.com\/pt-br\/portao-dos-campeoes\/#primaryimage","url":"https:\/\/www.sevenrealty.com\/wp-content\/uploads\/2020\/02\/d003-6.jpg","contentUrl":"https:\/\/www.sevenrealty.com\/wp-content\/uploads\/2020\/02\/d003-6.jpg"},{"@type":"BreadcrumbList","@id":"https:\/\/www.sevenrealty.com\/pt-br\/portao-dos-campeoes\/#breadcrumb","itemListElement":[{"@type":"ListItem","position":1,"name":"Home","item":"https:\/\/www.sevenrealty.com\/pt-br\/"},{"@type":"ListItem","position":2,"name":"Port\u00e3o dos Campe\u00f5es"}]},{"@type":"WebSite","@id":"https:\/\/www.sevenrealty.com\/pt-br\/#website","url":"https:\/\/www.sevenrealty.com\/pt-br\/","name":"Orlando homes for sale | Florida vacation homes","description":"Orlando Real Estate &amp; Homes | Buy a home in Orlando","publisher":{"@id":"https:\/\/www.sevenrealty.com\/pt-br\/#organization"},"alternateName":"Homes for Sale in Orlando","potentialAction":[{"@type":"SearchAction","target":{"@type":"EntryPoint","urlTemplate":"https:\/\/www.sevenrealty.com\/pt-br\/?s={search_term_string}"},"query-input":{"@type":"PropertyValueSpecification","valueRequired":true,"valueName":"search_term_string"}}],"inLanguage":"pt-BR"},{"@type":"Organization","@id":"https:\/\/www.sevenrealty.com\/pt-br\/#organization","name":"Orlando homes for sale | Florida vacation homes","alternateName":"Buy a home in Orlando","url":"https:\/\/www.sevenrealty.com\/pt-br\/","logo":{"@type":"ImageObject","inLanguage":"pt-BR","@id":"https:\/\/www.sevenrealty.com\/pt-br\/#\/schema\/logo\/image\/","url":"https:\/\/www.sevenrealty.com\/wp-content\/uploads\/2024\/04\/favicon.png","contentUrl":"https:\/\/www.sevenrealty.com\/wp-content\/uploads\/2024\/04\/favicon.png","width":225,"height":225,"caption":"Orlando homes for sale | Florida vacation homes"},"image":{"@id":"https:\/\/www.sevenrealty.com\/pt-br\/#\/schema\/logo\/image\/"},"sameAs":["https:\/\/www.facebook.com\/sevenrealtyorlando","https:\/\/www.instagram.com\/sevenrealtyorlando\/","https:\/\/www.youtube.com\/@sevenrealty7232"]}]}},"_links":{"self":[{"href":"https:\/\/www.sevenrealty.com\/pt-br\/wp-json\/wp\/v2\/pages\/10190","targetHints":{"allow":["GET"]}}],"collection":[{"href":"https:\/\/www.sevenrealty.com\/pt-br\/wp-json\/wp\/v2\/pages"}],"about":[{"href":"https:\/\/www.sevenrealty.com\/pt-br\/wp-json\/wp\/v2\/types\/page"}],"author":[{"embeddable":true,"href":"https:\/\/www.sevenrealty.com\/pt-br\/wp-json\/wp\/v2\/users\/2"}],"replies":[{"embeddable":true,"href":"https:\/\/www.sevenrealty.com\/pt-br\/wp-json\/wp\/v2\/comments?post=10190"}],"version-history":[{"count":8,"href":"https:\/\/www.sevenrealty.com\/pt-br\/wp-json\/wp\/v2\/pages\/10190\/revisions"}],"predecessor-version":[{"id":10501,"href":"https:\/\/www.sevenrealty.com\/pt-br\/wp-json\/wp\/v2\/pages\/10190\/revisions\/10501"}],"wp:attachment":[{"href":"https:\/\/www.sevenrealty.com\/pt-br\/wp-json\/wp\/v2\/media?parent=10190"}],"curies":[{"name":"wp","href":"https:\/\/api.w.org\/{rel}","templated":true}]}}