{"id":10203,"date":"2022-12-15T10:49:39","date_gmt":"2022-12-15T15:49:39","guid":{"rendered":"https:\/\/www.sevenrealty.com\/vendendo-sua-casa\/"},"modified":"2024-04-01T17:44:22","modified_gmt":"2024-04-01T21:44:22","slug":"vendendo-sua-casa","status":"publish","type":"page","link":"https:\/\/www.sevenrealty.com\/pt-br\/vendendo-sua-casa\/","title":{"rendered":"Vendendo sua casa?"},"content":{"rendered":"\t\t<div data-elementor-type=\"wp-page\" data-elementor-id=\"10203\" class=\"elementor elementor-10203 elementor-8524\">\n\t\t\t\t\t\t<section class=\"elementor-section elementor-top-section elementor-element elementor-element-d7c4727 elementor-section-full_width elementor-section-height-default elementor-section-height-default\" data-id=\"d7c4727\" data-element_type=\"section\" data-e-type=\"section\">\n\t\t\t\t\t\t<div class=\"elementor-container elementor-column-gap-default\">\n\t\t\t\t\t<div class=\"elementor-column elementor-col-100 elementor-top-column elementor-element elementor-element-d5af7de\" data-id=\"d5af7de\" data-element_type=\"column\" data-e-type=\"column\">\n\t\t\t<div class=\"elementor-widget-wrap elementor-element-populated\">\n\t\t\t\t\t\t<div class=\"elementor-element elementor-element-95aefeb elementor-widget elementor-widget-text-editor\" data-id=\"95aefeb\" data-element_type=\"widget\" data-e-type=\"widget\" data-widget_type=\"text-editor.default\">\n\t\t\t\t<div class=\"elementor-widget-container\">\n\t\t\t\t\t\t\t\t\t\n          <p>Vender sua casa \u00e9 uma quest\u00e3o de conhecer o mercado imobili\u00e1rio local. Determinar o pre\u00e7o correto de sua casa \u00e9 fundamental para maximizar o pre\u00e7o de venda mais alto poss\u00edvel. Como especialista na \u00e1rea, posso ajudar a determinar a dire\u00e7\u00e3o da tend\u00eancia do mercado, para que voc\u00ea possa fazer as escolhas certas na hora de vender sua casa e obter o maior pre\u00e7o poss\u00edvel!<\/p>\n          \n\n          \n\n          <p>A precifica\u00e7\u00e3o precisa \u00e9 fundamental para que o maior n\u00famero poss\u00edvel de pessoas visite sua casa e fa\u00e7a ofertas por ela, especialmente quando voc\u00ea a anuncia pela primeira vez. H\u00e1 um grupo atual de compradores aguardando que novas listagens cheguem ao mercado, e \u00e9 por isso que a precifica\u00e7\u00e3o precisa e a prepara\u00e7\u00e3o adequada de sua casa s\u00e3o cruciais.<\/p>\n        \t\t\t\t\t\t\t\t<\/div>\n\t\t\t\t<\/div>\n\t\t\t\t<div class=\"elementor-element elementor-element-1c3eca5 elementor-widget elementor-widget-heading\" data-id=\"1c3eca5\" data-element_type=\"widget\" data-e-type=\"widget\" data-widget_type=\"heading.default\">\n\t\t\t\t<div class=\"elementor-widget-container\">\n\t\t\t\t\t<h2 class=\"elementor-heading-title elementor-size-default\">Coisas para pensar ao vender sua casa<\/h2>\t\t\t\t<\/div>\n\t\t\t\t<\/div>\n\t\t\t\t<div class=\"elementor-element elementor-element-f66d1a4 elementor-widget elementor-widget-text-editor\" data-id=\"f66d1a4\" data-element_type=\"widget\" data-e-type=\"widget\" data-widget_type=\"text-editor.default\">\n\t\t\t\t<div class=\"elementor-widget-container\">\n\t\t\t\t\t\t\t\t\t<p>Depois de determinarmos o pre\u00e7o, posso lhe dar conselhos sobre as pequenas coisas que voc\u00ea pode fazer para preparar sua casa para obter o pre\u00e7o mais alto poss\u00edvel! Voc\u00ea ficaria surpreso com as medidas simples que pode tomar para embelezar sua casa e atrair compradores mais qualificados.<\/p>\n\t\t\t\t\t\t\t\t<\/div>\n\t\t\t\t<\/div>\n\t\t\t\t<div class=\"elementor-element elementor-element-13ff7b0 elementor-widget elementor-widget-text-editor\" data-id=\"13ff7b0\" data-element_type=\"widget\" data-e-type=\"widget\" data-widget_type=\"text-editor.default\">\n\t\t\t\t<div class=\"elementor-widget-container\">\n\t\t\t\t\t\t\t\t\t<p>Tenho um plano de marketing projetado para obter o m\u00e1ximo de exposi\u00e7\u00e3o aos compradores que est\u00e3o procurando no momento e a todos os agentes que t\u00eam compradores. Por meio de pre\u00e7os, prepara\u00e7\u00e3o, acessibilidade do agente e visibilidade, tanto on-line quanto off-line, posso vender sua casa com sucesso para ajud\u00e1-lo a atingir suas metas.<\/p>\n\t\t\t\t\t\t\t\t<\/div>\n\t\t\t\t<\/div>\n\t\t\t\t<div class=\"elementor-element elementor-element-f37aeff elementor-widget elementor-widget-text-editor\" data-id=\"f37aeff\" data-element_type=\"widget\" data-e-type=\"widget\" data-widget_type=\"text-editor.default\">\n\t\t\t\t<div class=\"elementor-widget-container\">\n\t\t\t\t\t\t\t\t\tEst\u00e1 curioso para saber o que est\u00e1 acontecendo em seu bairro? Voc\u00ea pode criar um relat\u00f3rio de mercado personalizado para ver o que est\u00e1 ativo, sob contrato e vendido em seu bairro!\n<br>\n<br>\nEst\u00e1 pensando em vender ou refinanciar sua casa? Obtenha uma <a href=\"#\">avalia\u00e7\u00e3o instant\u00e2nea do im\u00f3vel<\/a> agora!\n<br>\n<br>\nEntre em contato conosco hoje mesmo para saber como podemos ajud\u00e1-lo!\t\t\t\t\t\t\t\t<\/div>\n\t\t\t\t<\/div>\n\t\t\t\t\t<\/div>\n\t\t<\/div>\n\t\t\t\t\t<\/div>\n\t\t<\/section>\n\t\t\t\t<\/div>\n\t\t","protected":false},"excerpt":{"rendered":"<p>Vender sua casa \u00e9 uma quest\u00e3o de conhecer o mercado imobili\u00e1rio local. Determinar o pre\u00e7o correto de sua casa \u00e9 fundamental para maximizar o pre\u00e7o de venda mais alto poss\u00edvel. Como especialista na \u00e1rea, posso ajudar a determinar a dire\u00e7\u00e3o da tend\u00eancia do mercado, para que voc\u00ea possa fazer as escolhas certas na hora de&#8230;<\/p>\n","protected":false},"author":2,"featured_media":0,"parent":0,"menu_order":0,"comment_status":"closed","ping_status":"closed","template":"","meta":{"footnotes":""},"class_list":["post-10203","page","type-page","status-publish","hentry"],"yoast_head":"<!-- This site is optimized with the Yoast SEO plugin v27.1.1 - https:\/\/yoast.com\/product\/yoast-seo-wordpress\/ -->\n<title>Vendendo sua casa? | Orlando homes for sale | Florida vacation homes<\/title>\n<meta name=\"robots\" content=\"index, follow, max-snippet:-1, max-image-preview:large, max-video-preview:-1\" \/>\n<link rel=\"canonical\" href=\"https:\/\/www.sevenrealty.com\/pt-br\/vendendo-sua-casa\/\" \/>\n<meta property=\"og:locale\" content=\"pt_BR\" \/>\n<meta property=\"og:type\" content=\"article\" \/>\n<meta property=\"og:title\" content=\"Vendendo sua casa? | Orlando homes for sale | Florida vacation homes\" \/>\n<meta property=\"og:description\" content=\"Vender sua casa \u00e9 uma quest\u00e3o de conhecer o mercado imobili\u00e1rio local. Determinar o pre\u00e7o correto de sua casa \u00e9 fundamental para maximizar o pre\u00e7o de venda mais alto poss\u00edvel. Como especialista na \u00e1rea, posso ajudar a determinar a dire\u00e7\u00e3o da tend\u00eancia do mercado, para que voc\u00ea possa fazer as escolhas certas na hora de...\" \/>\n<meta property=\"og:url\" content=\"https:\/\/www.sevenrealty.com\/pt-br\/vendendo-sua-casa\/\" \/>\n<meta property=\"og:site_name\" content=\"Orlando homes for sale | Florida vacation homes\" \/>\n<meta property=\"article:publisher\" content=\"https:\/\/www.facebook.com\/sevenrealtyorlando\" \/>\n<meta property=\"article:modified_time\" content=\"2024-04-01T21:44:22+00:00\" \/>\n<meta property=\"og:image\" content=\"https:\/\/www.sevenrealty.com\/wp-content\/uploads\/2020\/02\/logosseven-2.jpg\" \/>\n\t<meta property=\"og:image:width\" content=\"300\" \/>\n\t<meta property=\"og:image:height\" content=\"137\" \/>\n\t<meta property=\"og:image:type\" content=\"image\/jpeg\" \/>\n<meta name=\"twitter:card\" content=\"summary_large_image\" \/>\n<meta name=\"twitter:label1\" content=\"Est. tempo de leitura\" \/>\n\t<meta name=\"twitter:data1\" content=\"2 minutos\" \/>\n<script type=\"application\/ld+json\" class=\"yoast-schema-graph\">{\"@context\":\"https:\/\/schema.org\",\"@graph\":[{\"@type\":\"WebPage\",\"@id\":\"https:\/\/www.sevenrealty.com\/pt-br\/vendendo-sua-casa\/\",\"url\":\"https:\/\/www.sevenrealty.com\/pt-br\/vendendo-sua-casa\/\",\"name\":\"Vendendo sua casa? | Orlando homes for sale | Florida vacation homes\",\"isPartOf\":{\"@id\":\"https:\/\/www.sevenrealty.com\/pt-br\/#website\"},\"datePublished\":\"2022-12-15T15:49:39+00:00\",\"dateModified\":\"2024-04-01T21:44:22+00:00\",\"breadcrumb\":{\"@id\":\"https:\/\/www.sevenrealty.com\/pt-br\/vendendo-sua-casa\/#breadcrumb\"},\"inLanguage\":\"pt-BR\",\"potentialAction\":[{\"@type\":\"ReadAction\",\"target\":[\"https:\/\/www.sevenrealty.com\/pt-br\/vendendo-sua-casa\/\"]}]},{\"@type\":\"BreadcrumbList\",\"@id\":\"https:\/\/www.sevenrealty.com\/pt-br\/vendendo-sua-casa\/#breadcrumb\",\"itemListElement\":[{\"@type\":\"ListItem\",\"position\":1,\"name\":\"Home\",\"item\":\"https:\/\/www.sevenrealty.com\/pt-br\/\"},{\"@type\":\"ListItem\",\"position\":2,\"name\":\"Vendendo sua casa?\"}]},{\"@type\":\"WebSite\",\"@id\":\"https:\/\/www.sevenrealty.com\/pt-br\/#website\",\"url\":\"https:\/\/www.sevenrealty.com\/pt-br\/\",\"name\":\"Orlando homes for sale | Florida vacation homes\",\"description\":\"Orlando Real Estate &amp; Homes | Buy a home in Orlando\",\"publisher\":{\"@id\":\"https:\/\/www.sevenrealty.com\/pt-br\/#organization\"},\"alternateName\":\"Homes for Sale in Orlando\",\"potentialAction\":[{\"@type\":\"SearchAction\",\"target\":{\"@type\":\"EntryPoint\",\"urlTemplate\":\"https:\/\/www.sevenrealty.com\/pt-br\/?s={search_term_string}\"},\"query-input\":{\"@type\":\"PropertyValueSpecification\",\"valueRequired\":true,\"valueName\":\"search_term_string\"}}],\"inLanguage\":\"pt-BR\"},{\"@type\":\"Organization\",\"@id\":\"https:\/\/www.sevenrealty.com\/pt-br\/#organization\",\"name\":\"Orlando homes for sale | Florida vacation homes\",\"alternateName\":\"Buy a home in Orlando\",\"url\":\"https:\/\/www.sevenrealty.com\/pt-br\/\",\"logo\":{\"@type\":\"ImageObject\",\"inLanguage\":\"pt-BR\",\"@id\":\"https:\/\/www.sevenrealty.com\/pt-br\/#\/schema\/logo\/image\/\",\"url\":\"https:\/\/www.sevenrealty.com\/wp-content\/uploads\/2024\/04\/favicon.png\",\"contentUrl\":\"https:\/\/www.sevenrealty.com\/wp-content\/uploads\/2024\/04\/favicon.png\",\"width\":225,\"height\":225,\"caption\":\"Orlando homes for sale | Florida vacation homes\"},\"image\":{\"@id\":\"https:\/\/www.sevenrealty.com\/pt-br\/#\/schema\/logo\/image\/\"},\"sameAs\":[\"https:\/\/www.facebook.com\/sevenrealtyorlando\",\"https:\/\/www.instagram.com\/sevenrealtyorlando\/\",\"https:\/\/www.youtube.com\/@sevenrealty7232\"]}]}<\/script>\n<!-- \/ Yoast SEO plugin. -->","yoast_head_json":{"title":"Vendendo sua casa? | Orlando homes for sale | Florida vacation homes","robots":{"index":"index","follow":"follow","max-snippet":"max-snippet:-1","max-image-preview":"max-image-preview:large","max-video-preview":"max-video-preview:-1"},"canonical":"https:\/\/www.sevenrealty.com\/pt-br\/vendendo-sua-casa\/","og_locale":"pt_BR","og_type":"article","og_title":"Vendendo sua casa? | Orlando homes for sale | Florida vacation homes","og_description":"Vender sua casa \u00e9 uma quest\u00e3o de conhecer o mercado imobili\u00e1rio local. Determinar o pre\u00e7o correto de sua casa \u00e9 fundamental para maximizar o pre\u00e7o de venda mais alto poss\u00edvel. Como especialista na \u00e1rea, posso ajudar a determinar a dire\u00e7\u00e3o da tend\u00eancia do mercado, para que voc\u00ea possa fazer as escolhas certas na hora de...","og_url":"https:\/\/www.sevenrealty.com\/pt-br\/vendendo-sua-casa\/","og_site_name":"Orlando homes for sale | Florida vacation homes","article_publisher":"https:\/\/www.facebook.com\/sevenrealtyorlando","article_modified_time":"2024-04-01T21:44:22+00:00","og_image":[{"width":300,"height":137,"url":"https:\/\/www.sevenrealty.com\/wp-content\/uploads\/2020\/02\/logosseven-2.jpg","type":"image\/jpeg"}],"twitter_card":"summary_large_image","twitter_misc":{"Est. tempo de leitura":"2 minutos"},"schema":{"@context":"https:\/\/schema.org","@graph":[{"@type":"WebPage","@id":"https:\/\/www.sevenrealty.com\/pt-br\/vendendo-sua-casa\/","url":"https:\/\/www.sevenrealty.com\/pt-br\/vendendo-sua-casa\/","name":"Vendendo sua casa? | Orlando homes for sale | Florida vacation homes","isPartOf":{"@id":"https:\/\/www.sevenrealty.com\/pt-br\/#website"},"datePublished":"2022-12-15T15:49:39+00:00","dateModified":"2024-04-01T21:44:22+00:00","breadcrumb":{"@id":"https:\/\/www.sevenrealty.com\/pt-br\/vendendo-sua-casa\/#breadcrumb"},"inLanguage":"pt-BR","potentialAction":[{"@type":"ReadAction","target":["https:\/\/www.sevenrealty.com\/pt-br\/vendendo-sua-casa\/"]}]},{"@type":"BreadcrumbList","@id":"https:\/\/www.sevenrealty.com\/pt-br\/vendendo-sua-casa\/#breadcrumb","itemListElement":[{"@type":"ListItem","position":1,"name":"Home","item":"https:\/\/www.sevenrealty.com\/pt-br\/"},{"@type":"ListItem","position":2,"name":"Vendendo sua casa?"}]},{"@type":"WebSite","@id":"https:\/\/www.sevenrealty.com\/pt-br\/#website","url":"https:\/\/www.sevenrealty.com\/pt-br\/","name":"Orlando homes for sale | Florida vacation homes","description":"Orlando Real Estate &amp; Homes | Buy a home in Orlando","publisher":{"@id":"https:\/\/www.sevenrealty.com\/pt-br\/#organization"},"alternateName":"Homes for Sale in Orlando","potentialAction":[{"@type":"SearchAction","target":{"@type":"EntryPoint","urlTemplate":"https:\/\/www.sevenrealty.com\/pt-br\/?s={search_term_string}"},"query-input":{"@type":"PropertyValueSpecification","valueRequired":true,"valueName":"search_term_string"}}],"inLanguage":"pt-BR"},{"@type":"Organization","@id":"https:\/\/www.sevenrealty.com\/pt-br\/#organization","name":"Orlando homes for sale | Florida vacation homes","alternateName":"Buy a home in Orlando","url":"https:\/\/www.sevenrealty.com\/pt-br\/","logo":{"@type":"ImageObject","inLanguage":"pt-BR","@id":"https:\/\/www.sevenrealty.com\/pt-br\/#\/schema\/logo\/image\/","url":"https:\/\/www.sevenrealty.com\/wp-content\/uploads\/2024\/04\/favicon.png","contentUrl":"https:\/\/www.sevenrealty.com\/wp-content\/uploads\/2024\/04\/favicon.png","width":225,"height":225,"caption":"Orlando homes for sale | Florida vacation homes"},"image":{"@id":"https:\/\/www.sevenrealty.com\/pt-br\/#\/schema\/logo\/image\/"},"sameAs":["https:\/\/www.facebook.com\/sevenrealtyorlando","https:\/\/www.instagram.com\/sevenrealtyorlando\/","https:\/\/www.youtube.com\/@sevenrealty7232"]}]}},"_links":{"self":[{"href":"https:\/\/www.sevenrealty.com\/pt-br\/wp-json\/wp\/v2\/pages\/10203","targetHints":{"allow":["GET"]}}],"collection":[{"href":"https:\/\/www.sevenrealty.com\/pt-br\/wp-json\/wp\/v2\/pages"}],"about":[{"href":"https:\/\/www.sevenrealty.com\/pt-br\/wp-json\/wp\/v2\/types\/page"}],"author":[{"embeddable":true,"href":"https:\/\/www.sevenrealty.com\/pt-br\/wp-json\/wp\/v2\/users\/2"}],"replies":[{"embeddable":true,"href":"https:\/\/www.sevenrealty.com\/pt-br\/wp-json\/wp\/v2\/comments?post=10203"}],"version-history":[{"count":2,"href":"https:\/\/www.sevenrealty.com\/pt-br\/wp-json\/wp\/v2\/pages\/10203\/revisions"}],"predecessor-version":[{"id":10206,"href":"https:\/\/www.sevenrealty.com\/pt-br\/wp-json\/wp\/v2\/pages\/10203\/revisions\/10206"}],"wp:attachment":[{"href":"https:\/\/www.sevenrealty.com\/pt-br\/wp-json\/wp\/v2\/media?parent=10203"}],"curies":[{"name":"wp","href":"https:\/\/api.w.org\/{rel}","templated":true}]}}