{"id":9927,"date":"2022-12-14T17:47:40","date_gmt":"2022-12-14T22:47:40","guid":{"rendered":"https:\/\/www.sevenrealty.com\/politica-de-privacidade\/"},"modified":"2024-04-01T17:43:15","modified_gmt":"2024-04-01T21:43:15","slug":"politica-de-privacidade","status":"publish","type":"page","link":"https:\/\/www.sevenrealty.com\/pt-br\/politica-de-privacidade\/","title":{"rendered":"Pol\u00edtica de privacidade"},"content":{"rendered":"<h1 class=\"privacy-policy-h1\">Pol\u00edtica de privacidade<\/h1>\n<p class=\"privacy-policy-h1\">\n\u00daltima atualiza\u00e7\u00e3o em 25\/01\/2023<br \/>\nData de vig\u00eancia 25 de janeiro de 2023<\/p>\n<p class=\"privacy-policy-p\">Esta Pol\u00edtica de Privacidade descreve as pol\u00edticas da Seven Realty, 2940 Loopdale Ln, FL 34741, Estados Unidos da Am\u00e9rica (o), e-mail: contact@sevenrealty.com, telefone: (407) 773-8877 sobre a coleta, o uso e a divulga\u00e7\u00e3o de suas informa\u00e7\u00f5es que coletamos quando voc\u00ea usa nosso site ( https:\/\/www.sevenrealty.com ). (o &#8220;Servi\u00e7o&#8221;). Ao acessar ou usar o Servi\u00e7o, voc\u00ea concorda com a coleta, o uso e a divulga\u00e7\u00e3o de suas informa\u00e7\u00f5es de acordo com esta Pol\u00edtica de Privacidade. Se voc\u00ea n\u00e3o concordar com isso, n\u00e3o acesse nem use o Servi\u00e7o.<\/p>\n<p class=\"privacy-policy-p\">Podemos modificar esta Pol\u00edtica de Privacidade a qualquer momento, sem aviso pr\u00e9vio, e publicaremos a Pol\u00edtica de Privacidade revisada no Servi\u00e7o. A Pol\u00edtica revisada entrar\u00e1 em vigor 180 dias ap\u00f3s a publica\u00e7\u00e3o da Pol\u00edtica revisada no Servi\u00e7o, e seu acesso ou uso cont\u00ednuo do Servi\u00e7o ap\u00f3s esse per\u00edodo constituir\u00e1 sua aceita\u00e7\u00e3o da Pol\u00edtica de Privacidade revisada. Portanto, recomendamos que voc\u00ea revise periodicamente esta p\u00e1gina.<\/p>\n<ol class=\"privacy-policy-ol\">\n<li>\n<h2 class=\"privacy-policy-h2\">Informa\u00e7\u00f5es que coletamos:<\/h2>\n<p class=\"privacy-policy-p\">Coletaremos e processaremos as seguintes informa\u00e7\u00f5es pessoais sobre voc\u00ea:<\/p>\n<ol class=\"privacy-policy-ol\">\n<li>Nome<\/li>\n<li>E-mail<\/li>\n<li>Celular<\/li>\n<\/ol>\n<\/li>\n<li>\n<h2 class=\"privacy-policy-h2\">Como usamos suas informa\u00e7\u00f5es:<\/h2>\n<p class=\"privacy-policy-p\">Usaremos as informa\u00e7\u00f5es que coletamos sobre voc\u00ea para as seguintes finalidades:<\/p>\n<ol class=\"privacy-policy-ol\">\n<li>Marketing\/promocional<\/li>\n<li>Cria\u00e7\u00e3o de conta de usu\u00e1rio<\/li>\n<li>Testemunhos<\/li>\n<li>Coleta de feedback do cliente<\/li>\n<li>Publicidade direcionada<\/li>\n<li>Prote\u00e7\u00e3o do local<\/li>\n<\/ol>\n<p class=\"privacy-policy-p\">Se quisermos usar suas informa\u00e7\u00f5es para qualquer outra finalidade, solicitaremos seu consentimento e usaremos suas informa\u00e7\u00f5es somente ap\u00f3s recebermos seu consentimento e, ent\u00e3o, somente para a(s) finalidade(s) para a(s) qual(is) concedemos o consentimento, a menos que sejamos obrigados a fazer o contr\u00e1rio por lei.<\/p>\n<\/li>\n<li>\n<h2 class=\"privacy-policy-h2\">Reten\u00e7\u00e3o de suas informa\u00e7\u00f5es:<\/h2>\n<p class=\"privacy-policy-p\">Manteremos suas informa\u00e7\u00f5es pessoais conosco por 90 dias a 2 anos ap\u00f3s as contas de usu\u00e1rio permanecerem inativas ou pelo tempo que precisarmos delas para cumprir as finalidades para as quais foram coletadas, conforme detalhado nesta Pol\u00edtica de Privacidade. Talvez precisemos reter determinadas informa\u00e7\u00f5es por per\u00edodos mais longos, como manuten\u00e7\u00e3o de registros\/relat\u00f3rios de acordo com a legisla\u00e7\u00e3o aplic\u00e1vel ou por outros motivos leg\u00edtimos, como aplica\u00e7\u00e3o de direitos legais, preven\u00e7\u00e3o de fraudes etc. Informa\u00e7\u00f5es an\u00f4nimas residuais e informa\u00e7\u00f5es agregadas, nenhuma das quais o identifica (direta ou indiretamente), podem ser armazenadas indefinidamente.<\/p>\n<\/li>\n<li>\n<h2 class=\"privacy-policy-h2\">Seus direitos:<\/h2>\n<p class=\"privacy-policy-p\">Dependendo da lei aplic\u00e1vel, voc\u00ea pode ter o direito de acessar e retificar ou apagar seus dados pessoais ou receber uma c\u00f3pia de seus dados pessoais, restringir ou se opor ao processamento ativo de seus dados, solicitar que compartilhemos (portemos) suas informa\u00e7\u00f5es pessoais com outra entidade, retirar qualquer consentimento que voc\u00ea nos tenha dado para processar seus dados, o direito de apresentar uma reclama\u00e7\u00e3o a uma autoridade legal e outros direitos que possam ser relevantes de acordo com as leis aplic\u00e1veis. Para exercer esses direitos, voc\u00ea pode nos escrever para contact@sevenrealty.com. Responderemos \u00e0 sua solicita\u00e7\u00e3o de acordo com a legisla\u00e7\u00e3o aplic\u00e1vel.<\/p>\n<p class=\"privacy-policy-p\">Voc\u00ea pode optar por n\u00e3o receber comunica\u00e7\u00f5es de marketing direto ou a cria\u00e7\u00e3o de perfis que realizamos para fins de marketing escrevendo para contact@sevenrealty.com.<\/p>\n<p class=\"privacy-policy-p\">Observe que, se voc\u00ea n\u00e3o nos permitir coletar ou processar as informa\u00e7\u00f5es pessoais necess\u00e1rias ou retirar o consentimento para process\u00e1-las para os fins exigidos, talvez n\u00e3o consiga acessar ou usar os servi\u00e7os para os quais suas informa\u00e7\u00f5es foram solicitadas.<\/p>\n<\/li>\n<li>\n<h2 class=\"privacy-policy-h2\">Cookies Etc.<\/h2>\n<p class=\"privacy-policy-p\">Para saber mais sobre como usamos essas tecnologias de rastreamento e sobre suas escolhas em rela\u00e7\u00e3o a elas, consulte nossa <a href=\"https:\/\/www.sevenrealty.com\/pt-br\/politica-de-cookies\/\">Pol\u00edtica de Cookies.<\/a><\/p>\n<\/li>\n<li>\n<h2 class=\"privacy-policy-h2\">Seguran\u00e7a:<\/h2>\n<p class=\"privacy-policy-p\">A seguran\u00e7a de suas informa\u00e7\u00f5es \u00e9 importante para n\u00f3s e usaremos medidas de seguran\u00e7a razo\u00e1veis para evitar a perda, o uso indevido ou a altera\u00e7\u00e3o n\u00e3o autorizada de suas informa\u00e7\u00f5es sob nosso controle. No entanto, dados os riscos inerentes, n\u00e3o podemos garantir seguran\u00e7a absoluta e, consequentemente, n\u00e3o podemos assegurar ou garantir a seguran\u00e7a de qualquer informa\u00e7\u00e3o que voc\u00ea nos transmita, e voc\u00ea o faz por sua pr\u00f3pria conta e risco.<\/p>\n<\/li>\n<li>\n<h2 class=\"privacy-policy-h2\">Diretor de reclama\u00e7\u00f5es \/ prote\u00e7\u00e3o de dados:<\/h2>\n<p class=\"privacy-policy-p\">Se tiver alguma d\u00favida ou preocupa\u00e7\u00e3o sobre o processamento de suas informa\u00e7\u00f5es que est\u00e3o dispon\u00edveis conosco, envie um e-mail para o nosso Diretor de Reclama\u00e7\u00f5es em Seven Realty, 2940 Loopdale Ln, e-mail: contact@sevenrealty.com. Trataremos de suas preocupa\u00e7\u00f5es de acordo com a legisla\u00e7\u00e3o aplic\u00e1vel.<\/p>\n<\/li>\n<\/ol>\n","protected":false},"excerpt":{"rendered":"<p>Pol\u00edtica de privacidade \u00daltima atualiza\u00e7\u00e3o em 25\/01\/2023 Data de vig\u00eancia 25 de janeiro de 2023 Esta Pol\u00edtica de Privacidade descreve as pol\u00edticas da Seven Realty, 2940 Loopdale Ln, FL 34741, Estados Unidos da Am\u00e9rica (o), e-mail: contact@sevenrealty.com, telefone: (407) 773-8877 sobre a coleta, o uso e a divulga\u00e7\u00e3o de suas informa\u00e7\u00f5es que coletamos quando voc\u00ea&#8230;<\/p>\n","protected":false},"author":1,"featured_media":0,"parent":0,"menu_order":0,"comment_status":"closed","ping_status":"open","template":"","meta":{"footnotes":""},"class_list":["post-9927","page","type-page","status-publish","hentry"],"yoast_head":"<!-- This site is optimized with the Yoast SEO plugin v27.1.1 - https:\/\/yoast.com\/product\/yoast-seo-wordpress\/ -->\n<title>Pol\u00edtica de privacidade | Orlando homes for sale | Florida vacation homes<\/title>\n<meta name=\"robots\" content=\"index, follow, max-snippet:-1, max-image-preview:large, max-video-preview:-1\" \/>\n<link rel=\"canonical\" href=\"https:\/\/www.sevenrealty.com\/pt-br\/politica-de-privacidade\/\" \/>\n<meta property=\"og:locale\" content=\"pt_BR\" \/>\n<meta property=\"og:type\" content=\"article\" \/>\n<meta property=\"og:title\" content=\"Pol\u00edtica de privacidade | Orlando homes for sale | Florida vacation homes\" \/>\n<meta property=\"og:description\" content=\"Pol\u00edtica de privacidade \u00daltima atualiza\u00e7\u00e3o em 25\/01\/2023 Data de vig\u00eancia 25 de janeiro de 2023 Esta Pol\u00edtica de Privacidade descreve as pol\u00edticas da Seven Realty, 2940 Loopdale Ln, FL 34741, Estados Unidos da Am\u00e9rica (o), e-mail: contact@sevenrealty.com, telefone: (407) 773-8877 sobre a coleta, o uso e a divulga\u00e7\u00e3o de suas informa\u00e7\u00f5es que coletamos quando voc\u00ea...\" \/>\n<meta property=\"og:url\" content=\"https:\/\/www.sevenrealty.com\/pt-br\/politica-de-privacidade\/\" \/>\n<meta property=\"og:site_name\" content=\"Orlando homes for sale | Florida vacation homes\" \/>\n<meta property=\"article:publisher\" content=\"https:\/\/www.facebook.com\/sevenrealtyorlando\" \/>\n<meta property=\"article:modified_time\" content=\"2024-04-01T21:43:15+00:00\" \/>\n<meta property=\"og:image\" content=\"https:\/\/www.sevenrealty.com\/wp-content\/uploads\/2020\/02\/logosseven-2.jpg\" \/>\n\t<meta property=\"og:image:width\" content=\"300\" \/>\n\t<meta property=\"og:image:height\" content=\"137\" \/>\n\t<meta property=\"og:image:type\" content=\"image\/jpeg\" \/>\n<meta name=\"twitter:card\" content=\"summary_large_image\" \/>\n<meta name=\"twitter:label1\" content=\"Est. tempo de leitura\" \/>\n\t<meta name=\"twitter:data1\" content=\"4 minutos\" \/>\n<script type=\"application\/ld+json\" class=\"yoast-schema-graph\">{\"@context\":\"https:\/\/schema.org\",\"@graph\":[{\"@type\":\"WebPage\",\"@id\":\"https:\/\/www.sevenrealty.com\/pt-br\/politica-de-privacidade\/\",\"url\":\"https:\/\/www.sevenrealty.com\/pt-br\/politica-de-privacidade\/\",\"name\":\"Pol\u00edtica de privacidade | Orlando homes for sale | Florida vacation homes\",\"isPartOf\":{\"@id\":\"https:\/\/www.sevenrealty.com\/pt-br\/#website\"},\"datePublished\":\"2022-12-14T22:47:40+00:00\",\"dateModified\":\"2024-04-01T21:43:15+00:00\",\"breadcrumb\":{\"@id\":\"https:\/\/www.sevenrealty.com\/pt-br\/politica-de-privacidade\/#breadcrumb\"},\"inLanguage\":\"pt-BR\",\"potentialAction\":[{\"@type\":\"ReadAction\",\"target\":[\"https:\/\/www.sevenrealty.com\/pt-br\/politica-de-privacidade\/\"]}]},{\"@type\":\"BreadcrumbList\",\"@id\":\"https:\/\/www.sevenrealty.com\/pt-br\/politica-de-privacidade\/#breadcrumb\",\"itemListElement\":[{\"@type\":\"ListItem\",\"position\":1,\"name\":\"Home\",\"item\":\"https:\/\/www.sevenrealty.com\/pt-br\/\"},{\"@type\":\"ListItem\",\"position\":2,\"name\":\"Pol\u00edtica de privacidade\"}]},{\"@type\":\"WebSite\",\"@id\":\"https:\/\/www.sevenrealty.com\/pt-br\/#website\",\"url\":\"https:\/\/www.sevenrealty.com\/pt-br\/\",\"name\":\"Orlando homes for sale | Florida vacation homes\",\"description\":\"Orlando Real Estate &amp; Homes | Buy a home in Orlando\",\"publisher\":{\"@id\":\"https:\/\/www.sevenrealty.com\/pt-br\/#organization\"},\"alternateName\":\"Homes for Sale in Orlando\",\"potentialAction\":[{\"@type\":\"SearchAction\",\"target\":{\"@type\":\"EntryPoint\",\"urlTemplate\":\"https:\/\/www.sevenrealty.com\/pt-br\/?s={search_term_string}\"},\"query-input\":{\"@type\":\"PropertyValueSpecification\",\"valueRequired\":true,\"valueName\":\"search_term_string\"}}],\"inLanguage\":\"pt-BR\"},{\"@type\":\"Organization\",\"@id\":\"https:\/\/www.sevenrealty.com\/pt-br\/#organization\",\"name\":\"Orlando homes for sale | Florida vacation homes\",\"alternateName\":\"Buy a home in Orlando\",\"url\":\"https:\/\/www.sevenrealty.com\/pt-br\/\",\"logo\":{\"@type\":\"ImageObject\",\"inLanguage\":\"pt-BR\",\"@id\":\"https:\/\/www.sevenrealty.com\/pt-br\/#\/schema\/logo\/image\/\",\"url\":\"https:\/\/www.sevenrealty.com\/wp-content\/uploads\/2024\/04\/favicon.png\",\"contentUrl\":\"https:\/\/www.sevenrealty.com\/wp-content\/uploads\/2024\/04\/favicon.png\",\"width\":225,\"height\":225,\"caption\":\"Orlando homes for sale | Florida vacation homes\"},\"image\":{\"@id\":\"https:\/\/www.sevenrealty.com\/pt-br\/#\/schema\/logo\/image\/\"},\"sameAs\":[\"https:\/\/www.facebook.com\/sevenrealtyorlando\",\"https:\/\/www.instagram.com\/sevenrealtyorlando\/\",\"https:\/\/www.youtube.com\/@sevenrealty7232\"]}]}<\/script>\n<!-- \/ Yoast SEO plugin. -->","yoast_head_json":{"title":"Pol\u00edtica de privacidade | Orlando homes for sale | Florida vacation homes","robots":{"index":"index","follow":"follow","max-snippet":"max-snippet:-1","max-image-preview":"max-image-preview:large","max-video-preview":"max-video-preview:-1"},"canonical":"https:\/\/www.sevenrealty.com\/pt-br\/politica-de-privacidade\/","og_locale":"pt_BR","og_type":"article","og_title":"Pol\u00edtica de privacidade | Orlando homes for sale | Florida vacation homes","og_description":"Pol\u00edtica de privacidade \u00daltima atualiza\u00e7\u00e3o em 25\/01\/2023 Data de vig\u00eancia 25 de janeiro de 2023 Esta Pol\u00edtica de Privacidade descreve as pol\u00edticas da Seven Realty, 2940 Loopdale Ln, FL 34741, Estados Unidos da Am\u00e9rica (o), e-mail: contact@sevenrealty.com, telefone: (407) 773-8877 sobre a coleta, o uso e a divulga\u00e7\u00e3o de suas informa\u00e7\u00f5es que coletamos quando voc\u00ea...","og_url":"https:\/\/www.sevenrealty.com\/pt-br\/politica-de-privacidade\/","og_site_name":"Orlando homes for sale | Florida vacation homes","article_publisher":"https:\/\/www.facebook.com\/sevenrealtyorlando","article_modified_time":"2024-04-01T21:43:15+00:00","og_image":[{"width":300,"height":137,"url":"https:\/\/www.sevenrealty.com\/wp-content\/uploads\/2020\/02\/logosseven-2.jpg","type":"image\/jpeg"}],"twitter_card":"summary_large_image","twitter_misc":{"Est. tempo de leitura":"4 minutos"},"schema":{"@context":"https:\/\/schema.org","@graph":[{"@type":"WebPage","@id":"https:\/\/www.sevenrealty.com\/pt-br\/politica-de-privacidade\/","url":"https:\/\/www.sevenrealty.com\/pt-br\/politica-de-privacidade\/","name":"Pol\u00edtica de privacidade | Orlando homes for sale | Florida vacation homes","isPartOf":{"@id":"https:\/\/www.sevenrealty.com\/pt-br\/#website"},"datePublished":"2022-12-14T22:47:40+00:00","dateModified":"2024-04-01T21:43:15+00:00","breadcrumb":{"@id":"https:\/\/www.sevenrealty.com\/pt-br\/politica-de-privacidade\/#breadcrumb"},"inLanguage":"pt-BR","potentialAction":[{"@type":"ReadAction","target":["https:\/\/www.sevenrealty.com\/pt-br\/politica-de-privacidade\/"]}]},{"@type":"BreadcrumbList","@id":"https:\/\/www.sevenrealty.com\/pt-br\/politica-de-privacidade\/#breadcrumb","itemListElement":[{"@type":"ListItem","position":1,"name":"Home","item":"https:\/\/www.sevenrealty.com\/pt-br\/"},{"@type":"ListItem","position":2,"name":"Pol\u00edtica de privacidade"}]},{"@type":"WebSite","@id":"https:\/\/www.sevenrealty.com\/pt-br\/#website","url":"https:\/\/www.sevenrealty.com\/pt-br\/","name":"Orlando homes for sale | Florida vacation homes","description":"Orlando Real Estate &amp; Homes | Buy a home in Orlando","publisher":{"@id":"https:\/\/www.sevenrealty.com\/pt-br\/#organization"},"alternateName":"Homes for Sale in Orlando","potentialAction":[{"@type":"SearchAction","target":{"@type":"EntryPoint","urlTemplate":"https:\/\/www.sevenrealty.com\/pt-br\/?s={search_term_string}"},"query-input":{"@type":"PropertyValueSpecification","valueRequired":true,"valueName":"search_term_string"}}],"inLanguage":"pt-BR"},{"@type":"Organization","@id":"https:\/\/www.sevenrealty.com\/pt-br\/#organization","name":"Orlando homes for sale | Florida vacation homes","alternateName":"Buy a home in Orlando","url":"https:\/\/www.sevenrealty.com\/pt-br\/","logo":{"@type":"ImageObject","inLanguage":"pt-BR","@id":"https:\/\/www.sevenrealty.com\/pt-br\/#\/schema\/logo\/image\/","url":"https:\/\/www.sevenrealty.com\/wp-content\/uploads\/2024\/04\/favicon.png","contentUrl":"https:\/\/www.sevenrealty.com\/wp-content\/uploads\/2024\/04\/favicon.png","width":225,"height":225,"caption":"Orlando homes for sale | Florida vacation homes"},"image":{"@id":"https:\/\/www.sevenrealty.com\/pt-br\/#\/schema\/logo\/image\/"},"sameAs":["https:\/\/www.facebook.com\/sevenrealtyorlando","https:\/\/www.instagram.com\/sevenrealtyorlando\/","https:\/\/www.youtube.com\/@sevenrealty7232"]}]}},"_links":{"self":[{"href":"https:\/\/www.sevenrealty.com\/pt-br\/wp-json\/wp\/v2\/pages\/9927","targetHints":{"allow":["GET"]}}],"collection":[{"href":"https:\/\/www.sevenrealty.com\/pt-br\/wp-json\/wp\/v2\/pages"}],"about":[{"href":"https:\/\/www.sevenrealty.com\/pt-br\/wp-json\/wp\/v2\/types\/page"}],"author":[{"embeddable":true,"href":"https:\/\/www.sevenrealty.com\/pt-br\/wp-json\/wp\/v2\/users\/1"}],"replies":[{"embeddable":true,"href":"https:\/\/www.sevenrealty.com\/pt-br\/wp-json\/wp\/v2\/comments?post=9927"}],"version-history":[{"count":1,"href":"https:\/\/www.sevenrealty.com\/pt-br\/wp-json\/wp\/v2\/pages\/9927\/revisions"}],"predecessor-version":[{"id":9934,"href":"https:\/\/www.sevenrealty.com\/pt-br\/wp-json\/wp\/v2\/pages\/9927\/revisions\/9934"}],"wp:attachment":[{"href":"https:\/\/www.sevenrealty.com\/pt-br\/wp-json\/wp\/v2\/media?parent=9927"}],"curies":[{"name":"wp","href":"https:\/\/api.w.org\/{rel}","templated":true}]}}