{"id":9957,"date":"2022-12-15T10:48:40","date_gmt":"2022-12-15T15:48:40","guid":{"rendered":"https:\/\/www.sevenrealty.com\/orlando\/"},"modified":"2024-04-20T01:22:16","modified_gmt":"2024-04-20T05:22:16","slug":"orlando","status":"publish","type":"page","link":"https:\/\/www.sevenrealty.com\/pt-br\/orlando\/","title":{"rendered":"Orlando"},"content":{"rendered":"\t\t<div data-elementor-type=\"wp-page\" data-elementor-id=\"9957\" class=\"elementor elementor-9957 elementor-8518\">\n\t\t\t\t\t\t<section class=\"elementor-section elementor-top-section elementor-element elementor-element-7bf0bd2 elementor-section-full_width elementor-section-height-min-height elementor-section-height-default elementor-section-items-middle\" data-id=\"7bf0bd2\" data-element_type=\"section\" data-e-type=\"section\" data-settings=\"{&quot;background_background&quot;:&quot;classic&quot;}\">\n\t\t\t\t\t\t\t<div class=\"elementor-background-overlay\"><\/div>\n\t\t\t\t\t\t\t<div class=\"elementor-container elementor-column-gap-default\">\n\t\t\t\t\t<div class=\"elementor-column elementor-col-100 elementor-top-column elementor-element elementor-element-b215103\" data-id=\"b215103\" data-element_type=\"column\" data-e-type=\"column\">\n\t\t\t<div class=\"elementor-widget-wrap elementor-element-populated\">\n\t\t\t\t\t\t<div class=\"elementor-element elementor-element-197d3cc elementor-widget elementor-widget-heading\" data-id=\"197d3cc\" data-element_type=\"widget\" data-e-type=\"widget\" data-widget_type=\"heading.default\">\n\t\t\t\t<div class=\"elementor-widget-container\">\n\t\t\t\t\t<h2 class=\"elementor-heading-title elementor-size-default\">Orlando FL<\/h2>\t\t\t\t<\/div>\n\t\t\t\t<\/div>\n\t\t\t\t\t<\/div>\n\t\t<\/div>\n\t\t\t\t\t<\/div>\n\t\t<\/section>\n\t\t\t\t<section class=\"elementor-section elementor-top-section elementor-element elementor-element-278fa8b elementor-section-boxed elementor-section-height-default elementor-section-height-default\" data-id=\"278fa8b\" data-element_type=\"section\" data-e-type=\"section\">\n\t\t\t\t\t\t<div class=\"elementor-container elementor-column-gap-default\">\n\t\t\t\t\t<div class=\"elementor-column elementor-col-100 elementor-top-column elementor-element elementor-element-8b31bc9\" data-id=\"8b31bc9\" data-element_type=\"column\" data-e-type=\"column\">\n\t\t\t<div class=\"elementor-widget-wrap elementor-element-populated\">\n\t\t\t\t\t\t<section class=\"elementor-section elementor-inner-section elementor-element elementor-element-0c16d1b elementor-section-boxed elementor-section-height-default elementor-section-height-default\" data-id=\"0c16d1b\" data-element_type=\"section\" data-e-type=\"section\">\n\t\t\t\t\t\t<div class=\"elementor-container elementor-column-gap-default\">\n\t\t\t\t\t<div class=\"elementor-column elementor-col-50 elementor-inner-column elementor-element elementor-element-ce6630f\" data-id=\"ce6630f\" data-element_type=\"column\" data-e-type=\"column\">\n\t\t\t<div class=\"elementor-widget-wrap elementor-element-populated\">\n\t\t\t\t\t\t<div class=\"elementor-element elementor-element-7d10a00 elementor-widget elementor-widget-heading\" data-id=\"7d10a00\" data-element_type=\"widget\" data-e-type=\"widget\" data-widget_type=\"heading.default\">\n\t\t\t\t<div class=\"elementor-widget-container\">\n\t\t\t\t\t<h2 class=\"elementor-heading-title elementor-size-default\">  Im\u00f3veis em Orlando FL<\/h2>\t\t\t\t<\/div>\n\t\t\t\t<\/div>\n\t\t\t\t<div class=\"elementor-element elementor-element-3821494 elementor-widget elementor-widget-text-editor\" data-id=\"3821494\" data-element_type=\"widget\" data-e-type=\"widget\" data-widget_type=\"text-editor.default\">\n\t\t\t\t<div class=\"elementor-widget-container\">\n\t\t\t\t\t\t\t\t\tA sede do condado de Orange County \u00e9 a cidade de Orlando, localizada no estado americano da Fl\u00f3rida.\nA \u00e1rea metropolitana de Orlando est\u00e1 localizada na Fl\u00f3rida Central e, de acordo com os dados do U.S. Census Bureau publicados em julho de 2017, tinha uma popula\u00e7\u00e3o de 2.509.831 habitantes. Isso a tornou a 23\u00aa maior \u00e1rea metropolitana do pa\u00eds.\t\t\t\t\t\t\t\t<\/div>\n\t\t\t\t<\/div>\n\t\t\t\t\t<\/div>\n\t\t<\/div>\n\t\t\t\t<div class=\"elementor-column elementor-col-50 elementor-inner-column elementor-element elementor-element-5774c75\" data-id=\"5774c75\" data-element_type=\"column\" data-e-type=\"column\" id=\"img-box\">\n\t\t\t<div class=\"elementor-widget-wrap elementor-element-populated\">\n\t\t\t\t\t\t<div class=\"elementor-element elementor-element-9cc3543 elementor-widget elementor-widget-image\" data-id=\"9cc3543\" data-element_type=\"widget\" data-e-type=\"widget\" data-widget_type=\"image.default\">\n\t\t\t\t<div class=\"elementor-widget-container\">\n\t\t\t\t\t\t\t\t\t\t\t\t\t\t\t<img fetchpriority=\"high\" decoding=\"async\" width=\"738\" height=\"414\" src=\"https:\/\/www.sevenrealty.com\/wp-content\/uploads\/2020\/02\/d003-768x431.jpg\" class=\"attachment-medium_large size-medium_large wp-image-9812\" alt=\"\" srcset=\"https:\/\/www.sevenrealty.com\/wp-content\/uploads\/2020\/02\/d003-768x431.jpg 768w, https:\/\/www.sevenrealty.com\/wp-content\/uploads\/2020\/02\/d003-300x168.jpg 300w, https:\/\/www.sevenrealty.com\/wp-content\/uploads\/2020\/02\/d003-150x84.jpg 150w, https:\/\/www.sevenrealty.com\/wp-content\/uploads\/2020\/02\/d003.jpg 1024w\" sizes=\"(max-width: 738px) 100vw, 738px\" \/>\t\t\t\t\t\t\t\t\t\t\t\t\t\t\t<\/div>\n\t\t\t\t<\/div>\n\t\t\t\t\t<\/div>\n\t\t<\/div>\n\t\t\t\t\t<\/div>\n\t\t<\/section>\n\t\t\t\t\t<\/div>\n\t\t<\/div>\n\t\t\t\t\t<\/div>\n\t\t<\/section>\n\t\t\t\t<section class=\"elementor-section elementor-top-section elementor-element elementor-element-4bab7b5 elementor-section-full_width elementor-section-height-default elementor-section-height-default\" data-id=\"4bab7b5\" data-element_type=\"section\" data-e-type=\"section\">\n\t\t\t\t\t\t<div class=\"elementor-container elementor-column-gap-default\">\n\t\t\t\t\t<div class=\"elementor-column elementor-col-100 elementor-top-column elementor-element elementor-element-136b386\" data-id=\"136b386\" data-element_type=\"column\" data-e-type=\"column\">\n\t\t\t<div class=\"elementor-widget-wrap elementor-element-populated\">\n\t\t\t\t\t\t<section class=\"elementor-section elementor-inner-section elementor-element elementor-element-45d1f00 elementor-section-boxed elementor-section-height-default elementor-section-height-default\" data-id=\"45d1f00\" data-element_type=\"section\" data-e-type=\"section\">\n\t\t\t\t\t\t<div class=\"elementor-container elementor-column-gap-default\">\n\t\t\t\t\t<div class=\"elementor-column elementor-col-100 elementor-inner-column elementor-element elementor-element-f7db561\" data-id=\"f7db561\" data-element_type=\"column\" data-e-type=\"column\">\n\t\t\t<div class=\"elementor-widget-wrap elementor-element-populated\">\n\t\t\t\t\t\t<div class=\"elementor-element elementor-element-1db00be elementor-widget elementor-widget-heading\" data-id=\"1db00be\" data-element_type=\"widget\" data-e-type=\"widget\" data-widget_type=\"heading.default\">\n\t\t\t\t<div class=\"elementor-widget-container\">\n\t\t\t\t\t<h2 class=\"elementor-heading-title elementor-size-default\">Casas dispon\u00edveis para venda em Orlando FL<\/h2>\t\t\t\t<\/div>\n\t\t\t\t<\/div>\n\t\t\t\t<div class=\"elementor-element elementor-element-6b8ee4b elementor-widget elementor-widget-shortcode\" data-id=\"6b8ee4b\" data-element_type=\"widget\" data-e-type=\"widget\" id=\"srchp\" data-widget_type=\"shortcode.default\">\n\t\t\t\t<div class=\"elementor-widget-container\">\n\t\t\t\t\t\t\t<div class=\"elementor-shortcode\"><script charset=\"UTF-8\" type=\"text\/javascript\" id=\"idxwidgetsrc-45645\" src=\"\/\/homes-for-sale.sevenrealty.com\/idx\/customshowcasejs.php?widgetid=45645\"><\/script><\/div>\n\t\t\t\t\t\t<\/div>\n\t\t\t\t<\/div>\n\t\t\t\t<div class=\"elementor-element elementor-element-9ad7858 elementor-align-center elementor-invisible elementor-widget elementor-widget-button\" data-id=\"9ad7858\" data-element_type=\"widget\" data-e-type=\"widget\" data-settings=\"{&quot;_animation&quot;:&quot;fadeInLeft&quot;}\" data-widget_type=\"button.default\">\n\t\t\t\t<div class=\"elementor-widget-container\">\n\t\t\t\t\t\t\t\t\t<div class=\"elementor-button-wrapper\">\n\t\t\t\t\t<a class=\"elementor-button elementor-button-link elementor-size-sm elementor-animation-pulse\" href=\"https:\/\/sevenrealty.idxbroker.com\/i\/homes-for-sale-in-orlando-fl\">\n\t\t\t\t\t\t<span class=\"elementor-button-content-wrapper\">\n\t\t\t\t\t\t\t\t\t<span class=\"elementor-button-text\">Ver todas as propriedades<\/span>\n\t\t\t\t\t<\/span>\n\t\t\t\t\t<\/a>\n\t\t\t\t<\/div>\n\t\t\t\t\t\t\t\t<\/div>\n\t\t\t\t<\/div>\n\t\t\t\t\t<\/div>\n\t\t<\/div>\n\t\t\t\t\t<\/div>\n\t\t<\/section>\n\t\t\t\t\t<\/div>\n\t\t<\/div>\n\t\t\t\t\t<\/div>\n\t\t<\/section>\n\t\t\t\t<\/div>\n\t\t","protected":false},"excerpt":{"rendered":"<p>Orlando FL Im\u00f3veis em Orlando FL A sede do condado de Orange County \u00e9 a cidade de Orlando, localizada no estado americano da Fl\u00f3rida. A \u00e1rea metropolitana de Orlando est\u00e1 localizada na Fl\u00f3rida Central e, de acordo com os dados do U.S. Census Bureau publicados em julho de 2017, tinha uma popula\u00e7\u00e3o de 2.509.831 habitantes&#8230;.<\/p>\n","protected":false},"author":2,"featured_media":0,"parent":0,"menu_order":0,"comment_status":"closed","ping_status":"closed","template":"elementor_header_footer","meta":{"footnotes":""},"class_list":["post-9957","page","type-page","status-publish","hentry"],"yoast_head":"<!-- This site is optimized with the Yoast SEO plugin v27.1.1 - https:\/\/yoast.com\/product\/yoast-seo-wordpress\/ -->\n<title>Im\u00f3veis em Orlando<\/title>\n<meta name=\"description\" content=\"Orlando Real Estate Homes For Sales in FL via MLS em Orlando, FL. Orlando, FL casas para venda, im\u00f3veis, apartamentos, condom\u00ednios e casas geminadas.\" \/>\n<meta name=\"robots\" content=\"index, follow, max-snippet:-1, max-image-preview:large, max-video-preview:-1\" \/>\n<link rel=\"canonical\" href=\"https:\/\/www.sevenrealty.com\/pt-br\/orlando\/\" \/>\n<meta property=\"og:locale\" content=\"pt_BR\" \/>\n<meta property=\"og:type\" content=\"article\" \/>\n<meta property=\"og:title\" content=\"Im\u00f3veis em Orlando\" \/>\n<meta property=\"og:description\" content=\"Orlando Real Estate Homes For Sales in FL via MLS em Orlando, FL. Orlando, FL casas para venda, im\u00f3veis, apartamentos, condom\u00ednios e casas geminadas.\" \/>\n<meta property=\"og:url\" content=\"https:\/\/www.sevenrealty.com\/pt-br\/orlando\/\" \/>\n<meta property=\"og:site_name\" content=\"Orlando homes for sale | Florida vacation homes\" \/>\n<meta property=\"article:publisher\" content=\"https:\/\/www.facebook.com\/sevenrealtyorlando\" \/>\n<meta property=\"article:modified_time\" content=\"2024-04-20T05:22:16+00:00\" \/>\n<meta property=\"og:image\" content=\"https:\/\/www.sevenrealty.com\/wp-content\/uploads\/2020\/02\/d003-768x431.jpg\" \/>\n<meta name=\"twitter:card\" content=\"summary_large_image\" \/>\n<script type=\"application\/ld+json\" class=\"yoast-schema-graph\">{\"@context\":\"https:\/\/schema.org\",\"@graph\":[{\"@type\":\"WebPage\",\"@id\":\"https:\/\/www.sevenrealty.com\/pt-br\/orlando\/\",\"url\":\"https:\/\/www.sevenrealty.com\/pt-br\/orlando\/\",\"name\":\"Im\u00f3veis em Orlando\",\"isPartOf\":{\"@id\":\"https:\/\/www.sevenrealty.com\/pt-br\/#website\"},\"primaryImageOfPage\":{\"@id\":\"https:\/\/www.sevenrealty.com\/pt-br\/orlando\/#primaryimage\"},\"image\":{\"@id\":\"https:\/\/www.sevenrealty.com\/pt-br\/orlando\/#primaryimage\"},\"thumbnailUrl\":\"https:\/\/www.sevenrealty.com\/wp-content\/uploads\/2020\/02\/d003-768x431.jpg\",\"datePublished\":\"2022-12-15T15:48:40+00:00\",\"dateModified\":\"2024-04-20T05:22:16+00:00\",\"description\":\"Orlando Real Estate Homes For Sales in FL via MLS em Orlando, FL. Orlando, FL casas para venda, im\u00f3veis, apartamentos, condom\u00ednios e casas geminadas.\",\"breadcrumb\":{\"@id\":\"https:\/\/www.sevenrealty.com\/pt-br\/orlando\/#breadcrumb\"},\"inLanguage\":\"pt-BR\",\"potentialAction\":[{\"@type\":\"ReadAction\",\"target\":[\"https:\/\/www.sevenrealty.com\/pt-br\/orlando\/\"]}]},{\"@type\":\"ImageObject\",\"inLanguage\":\"pt-BR\",\"@id\":\"https:\/\/www.sevenrealty.com\/pt-br\/orlando\/#primaryimage\",\"url\":\"https:\/\/www.sevenrealty.com\/wp-content\/uploads\/2020\/02\/d003-768x431.jpg\",\"contentUrl\":\"https:\/\/www.sevenrealty.com\/wp-content\/uploads\/2020\/02\/d003-768x431.jpg\"},{\"@type\":\"BreadcrumbList\",\"@id\":\"https:\/\/www.sevenrealty.com\/pt-br\/orlando\/#breadcrumb\",\"itemListElement\":[{\"@type\":\"ListItem\",\"position\":1,\"name\":\"Home\",\"item\":\"https:\/\/www.sevenrealty.com\/pt-br\/\"},{\"@type\":\"ListItem\",\"position\":2,\"name\":\"Orlando\"}]},{\"@type\":\"WebSite\",\"@id\":\"https:\/\/www.sevenrealty.com\/pt-br\/#website\",\"url\":\"https:\/\/www.sevenrealty.com\/pt-br\/\",\"name\":\"Orlando homes for sale | Florida vacation homes\",\"description\":\"Orlando Real Estate &amp; Homes | Buy a home in Orlando\",\"publisher\":{\"@id\":\"https:\/\/www.sevenrealty.com\/pt-br\/#organization\"},\"alternateName\":\"Homes for Sale in Orlando\",\"potentialAction\":[{\"@type\":\"SearchAction\",\"target\":{\"@type\":\"EntryPoint\",\"urlTemplate\":\"https:\/\/www.sevenrealty.com\/pt-br\/?s={search_term_string}\"},\"query-input\":{\"@type\":\"PropertyValueSpecification\",\"valueRequired\":true,\"valueName\":\"search_term_string\"}}],\"inLanguage\":\"pt-BR\"},{\"@type\":\"Organization\",\"@id\":\"https:\/\/www.sevenrealty.com\/pt-br\/#organization\",\"name\":\"Orlando homes for sale | Florida vacation homes\",\"alternateName\":\"Buy a home in Orlando\",\"url\":\"https:\/\/www.sevenrealty.com\/pt-br\/\",\"logo\":{\"@type\":\"ImageObject\",\"inLanguage\":\"pt-BR\",\"@id\":\"https:\/\/www.sevenrealty.com\/pt-br\/#\/schema\/logo\/image\/\",\"url\":\"https:\/\/www.sevenrealty.com\/wp-content\/uploads\/2024\/04\/favicon.png\",\"contentUrl\":\"https:\/\/www.sevenrealty.com\/wp-content\/uploads\/2024\/04\/favicon.png\",\"width\":225,\"height\":225,\"caption\":\"Orlando homes for sale | Florida vacation homes\"},\"image\":{\"@id\":\"https:\/\/www.sevenrealty.com\/pt-br\/#\/schema\/logo\/image\/\"},\"sameAs\":[\"https:\/\/www.facebook.com\/sevenrealtyorlando\",\"https:\/\/www.instagram.com\/sevenrealtyorlando\/\",\"https:\/\/www.youtube.com\/@sevenrealty7232\"]}]}<\/script>\n<!-- \/ Yoast SEO plugin. -->","yoast_head_json":{"title":"Im\u00f3veis em Orlando","description":"Orlando Real Estate Homes For Sales in FL via MLS em Orlando, FL. Orlando, FL casas para venda, im\u00f3veis, apartamentos, condom\u00ednios e casas geminadas.","robots":{"index":"index","follow":"follow","max-snippet":"max-snippet:-1","max-image-preview":"max-image-preview:large","max-video-preview":"max-video-preview:-1"},"canonical":"https:\/\/www.sevenrealty.com\/pt-br\/orlando\/","og_locale":"pt_BR","og_type":"article","og_title":"Im\u00f3veis em Orlando","og_description":"Orlando Real Estate Homes For Sales in FL via MLS em Orlando, FL. Orlando, FL casas para venda, im\u00f3veis, apartamentos, condom\u00ednios e casas geminadas.","og_url":"https:\/\/www.sevenrealty.com\/pt-br\/orlando\/","og_site_name":"Orlando homes for sale | Florida vacation homes","article_publisher":"https:\/\/www.facebook.com\/sevenrealtyorlando","article_modified_time":"2024-04-20T05:22:16+00:00","og_image":[{"url":"https:\/\/www.sevenrealty.com\/wp-content\/uploads\/2020\/02\/d003-768x431.jpg","type":"","width":"","height":""}],"twitter_card":"summary_large_image","schema":{"@context":"https:\/\/schema.org","@graph":[{"@type":"WebPage","@id":"https:\/\/www.sevenrealty.com\/pt-br\/orlando\/","url":"https:\/\/www.sevenrealty.com\/pt-br\/orlando\/","name":"Im\u00f3veis em Orlando","isPartOf":{"@id":"https:\/\/www.sevenrealty.com\/pt-br\/#website"},"primaryImageOfPage":{"@id":"https:\/\/www.sevenrealty.com\/pt-br\/orlando\/#primaryimage"},"image":{"@id":"https:\/\/www.sevenrealty.com\/pt-br\/orlando\/#primaryimage"},"thumbnailUrl":"https:\/\/www.sevenrealty.com\/wp-content\/uploads\/2020\/02\/d003-768x431.jpg","datePublished":"2022-12-15T15:48:40+00:00","dateModified":"2024-04-20T05:22:16+00:00","description":"Orlando Real Estate Homes For Sales in FL via MLS em Orlando, FL. Orlando, FL casas para venda, im\u00f3veis, apartamentos, condom\u00ednios e casas geminadas.","breadcrumb":{"@id":"https:\/\/www.sevenrealty.com\/pt-br\/orlando\/#breadcrumb"},"inLanguage":"pt-BR","potentialAction":[{"@type":"ReadAction","target":["https:\/\/www.sevenrealty.com\/pt-br\/orlando\/"]}]},{"@type":"ImageObject","inLanguage":"pt-BR","@id":"https:\/\/www.sevenrealty.com\/pt-br\/orlando\/#primaryimage","url":"https:\/\/www.sevenrealty.com\/wp-content\/uploads\/2020\/02\/d003-768x431.jpg","contentUrl":"https:\/\/www.sevenrealty.com\/wp-content\/uploads\/2020\/02\/d003-768x431.jpg"},{"@type":"BreadcrumbList","@id":"https:\/\/www.sevenrealty.com\/pt-br\/orlando\/#breadcrumb","itemListElement":[{"@type":"ListItem","position":1,"name":"Home","item":"https:\/\/www.sevenrealty.com\/pt-br\/"},{"@type":"ListItem","position":2,"name":"Orlando"}]},{"@type":"WebSite","@id":"https:\/\/www.sevenrealty.com\/pt-br\/#website","url":"https:\/\/www.sevenrealty.com\/pt-br\/","name":"Orlando homes for sale | Florida vacation homes","description":"Orlando Real Estate &amp; Homes | Buy a home in Orlando","publisher":{"@id":"https:\/\/www.sevenrealty.com\/pt-br\/#organization"},"alternateName":"Homes for Sale in Orlando","potentialAction":[{"@type":"SearchAction","target":{"@type":"EntryPoint","urlTemplate":"https:\/\/www.sevenrealty.com\/pt-br\/?s={search_term_string}"},"query-input":{"@type":"PropertyValueSpecification","valueRequired":true,"valueName":"search_term_string"}}],"inLanguage":"pt-BR"},{"@type":"Organization","@id":"https:\/\/www.sevenrealty.com\/pt-br\/#organization","name":"Orlando homes for sale | Florida vacation homes","alternateName":"Buy a home in Orlando","url":"https:\/\/www.sevenrealty.com\/pt-br\/","logo":{"@type":"ImageObject","inLanguage":"pt-BR","@id":"https:\/\/www.sevenrealty.com\/pt-br\/#\/schema\/logo\/image\/","url":"https:\/\/www.sevenrealty.com\/wp-content\/uploads\/2024\/04\/favicon.png","contentUrl":"https:\/\/www.sevenrealty.com\/wp-content\/uploads\/2024\/04\/favicon.png","width":225,"height":225,"caption":"Orlando homes for sale | Florida vacation homes"},"image":{"@id":"https:\/\/www.sevenrealty.com\/pt-br\/#\/schema\/logo\/image\/"},"sameAs":["https:\/\/www.facebook.com\/sevenrealtyorlando","https:\/\/www.instagram.com\/sevenrealtyorlando\/","https:\/\/www.youtube.com\/@sevenrealty7232"]}]}},"_links":{"self":[{"href":"https:\/\/www.sevenrealty.com\/pt-br\/wp-json\/wp\/v2\/pages\/9957","targetHints":{"allow":["GET"]}}],"collection":[{"href":"https:\/\/www.sevenrealty.com\/pt-br\/wp-json\/wp\/v2\/pages"}],"about":[{"href":"https:\/\/www.sevenrealty.com\/pt-br\/wp-json\/wp\/v2\/types\/page"}],"author":[{"embeddable":true,"href":"https:\/\/www.sevenrealty.com\/pt-br\/wp-json\/wp\/v2\/users\/2"}],"replies":[{"embeddable":true,"href":"https:\/\/www.sevenrealty.com\/pt-br\/wp-json\/wp\/v2\/comments?post=9957"}],"version-history":[{"count":5,"href":"https:\/\/www.sevenrealty.com\/pt-br\/wp-json\/wp\/v2\/pages\/9957\/revisions"}],"predecessor-version":[{"id":10498,"href":"https:\/\/www.sevenrealty.com\/pt-br\/wp-json\/wp\/v2\/pages\/9957\/revisions\/10498"}],"wp:attachment":[{"href":"https:\/\/www.sevenrealty.com\/pt-br\/wp-json\/wp\/v2\/media?parent=9957"}],"curies":[{"name":"wp","href":"https:\/\/api.w.org\/{rel}","templated":true}]}}