{"id":9963,"date":"2022-12-15T10:49:42","date_gmt":"2022-12-15T15:49:42","guid":{"rendered":"https:\/\/www.sevenrealty.com\/avaliacao-da-casa\/"},"modified":"2024-04-01T17:43:23","modified_gmt":"2024-04-01T21:43:23","slug":"avaliacao-da-casa","status":"publish","type":"page","link":"https:\/\/www.sevenrealty.com\/pt-br\/avaliacao-da-casa\/","title":{"rendered":"Avalia\u00e7\u00e3o da casa"},"content":{"rendered":"\t\t<div data-elementor-type=\"wp-page\" data-elementor-id=\"9963\" class=\"elementor elementor-9963 elementor-8523\">\n\t\t\t\t\t\t<section class=\"elementor-section elementor-top-section elementor-element elementor-element-c939939 elementor-section-full_width elementor-section-height-min-height elementor-section-height-default elementor-section-items-middle\" data-id=\"c939939\" data-element_type=\"section\" data-e-type=\"section\" data-settings=\"{&quot;background_background&quot;:&quot;classic&quot;}\">\n\t\t\t\t\t\t\t<div class=\"elementor-background-overlay\"><\/div>\n\t\t\t\t\t\t\t<div class=\"elementor-container elementor-column-gap-default\">\n\t\t\t\t\t<div class=\"elementor-column elementor-col-100 elementor-top-column elementor-element elementor-element-3fcc130\" data-id=\"3fcc130\" data-element_type=\"column\" data-e-type=\"column\">\n\t\t\t<div class=\"elementor-widget-wrap elementor-element-populated\">\n\t\t\t\t\t\t<div class=\"elementor-element elementor-element-14e4e19 elementor-widget elementor-widget-html\" data-id=\"14e4e19\" data-element_type=\"widget\" data-e-type=\"widget\" data-widget_type=\"html.default\">\n\t\t\t\t<div class=\"elementor-widget-container\">\n\t\t\t\t\t\n          <div role=\"form\" class=\"wpcf7 homeWorth\" id=\"\" lang=\"en\" dir=\"ltr\">\n    <div class=\"screen-reader-response\" aria-live=\"polite\"><\/div>\n    <form action=\"https:\/\/www.sevenrealty.com\/free-home-valuation-form\/\" method=\"get\">\n        <div class=\"searc-box-new\">\n            <h1>Qual \u00e9 o valor da minha casa?<\/h1>\n\t\t\t<h3>Obtenha uma avalia\u00e7\u00e3o gratuita de sua propriedade!<\/h3>\n            <div class=\"ct\">\n                <div class=\"ct-input\">\n                    <span class=\"wpcf7-form-control-wrap your-name\">\n                        <input type=\"text\" name=\"your-name\" value=\"\" size=\"40\" class=\"wpcf7-form-control wpcf7-text wpcf7-validates-as-required\" id=\"searchaddress\" placeholder=\"  Digite seu endere\u00e7o  \">\n                    <\/span>\n\t\t\t\t\t<button type=\"submit\" value=\"Enviar\" class=\"wpcf7-form-control wpcf7-submit\">Pr\u00f3ximo<\/button>\n                <\/div>\n                \n            <\/div>\n        <\/div>\n    <\/form>\n<\/div>\n        \t\t\t\t<\/div>\n\t\t\t\t<\/div>\n\t\t\t\t<div class=\"elementor-element elementor-element-a320718 elementor-widget elementor-widget-html\" data-id=\"a320718\" data-element_type=\"widget\" data-e-type=\"widget\" data-widget_type=\"html.default\">\n\t\t\t\t<div class=\"elementor-widget-container\">\n\t\t\t\t\t<script>jQuery(document).ready(function(){\n\t\t\tvar low,amount,high,address,citystatezip, prospect_id, bedrooms, bathrooms, home_type, finishedSqFt,lotSizeSqFt,street_number  ;\n                       \n                        function initializeMap( latd, longd ) {\n\t\t\t\t\t\tvar mapOptions = {\n\t\t\t\t\t\t\tcenter: new google.maps.LatLng(latd, longd ),\n\t\t\t\t\t\t\tzoom: 20,\n\t\t\t\t\t\t\tmapTypeId: google.maps.MapTypeId.SATELLITE,\n\t\t\t\t\t\t\tdisableDefaultUI: true\n\t\t\t\t\t\t};\n\n\t\t\t\t\t\tvar map = new google.maps.Map(document.getElementById('map-canvas'),\n\t\t\t\t\t\t\tmapOptions);\n\n\t\t\t\t\t\tvar marker = new google.maps.Marker({\n\t\t\t\t\t\t\tposition: coords,\n\t\t\t\t\t\t\tmap: map,\n\t\t\t\t\t\t\ttitle: 'Your Property!'\n\t\t\t\t\t\t});\n\t\t\t\t\t}\n\n\t\t\tfunction addCommas(nStr)\n\t\t\t{\n\t\t\t\tnStr += '';\n\t\t\t\tx = nStr.split('.');\n\t\t\t\tx1 = x[0];\n\t\t\t\tx2 = x.length > 1 ? '.' + x[1] : '';\n\t\t\t\tvar rgx = \/(\\d+)(\\d{3})\/;\n\t\t\t\twhile (rgx.test(x1)) {\n\t\t\t\t\tx1 = x1.replace(rgx, '$1' + ',' + '$2');\n\t\t\t\t}\n\t\t\t\treturn x1 + x2;\n\t\t\t}\n\t\t\tfunction validateForm(){\n\t\t\t\tvar errors = false;\n\t\t\t\tjQuery('form').find('input[required],select[required]').each(function(i,e){\n\t\t\t\t\tif (jQuery(this).val().length == 0){\n\t\t\t\t\t\tvar error = \"Please include a value for \" + jQuery(this).attr('name')\n\t\t\t\t\t\terrors = true;\n\t\t\t\t\t}\n\t\t\t\t\telse if (jQuery(this).attr('type')==\"email\"){\n\t\t\t\t\t\tif (jQuery(this).val().indexOf('@')==-1 || jQuery(this).val().indexOf('.')==-1){\n\t\t\t\t\t\t\tvar error = \"Please include an '@' and '.' in your email address\"\n\t\t\t\t\t\t\terrors = true;\n\t\t\t\t\t\t}\n\t\t\t\t\t}\n\t\t\t\t\tjQuery(this).parent().find('.error').html(error);\n\n\t\t\t\t});\n\t\t\t\treturn !errors;\n\t\t\t}\n\t\t\tif (typeof google != 'undefined'){\n\t\t\t\tvar autocomplete = new google.maps.places.Autocomplete(document.getElementById('searchaddress'),{componentRestrictions:{country:'US'>;\n\t\t\t\tgoogle.maps.event.addListener(autocomplete, 'place_changed', function(){\n\t\t\t\t\tvar place = autocomplete.getPlace();\n\t\t\t\t\taddress = place.formatted_address;\n\t\t\t\t\tvar coords = place.geometry.location;\n                                        var latitude = place.geometry.location.lat();\n\t\t\t\t\tvar longitude = place.geometry.location.lng();\n\t\t\t\t\t\n\t\t\t\t\tjQuery.each(place.address_components,function(i,component){\n                                                var street_number;\n\t\t\t\t\t\ttry{\n\t\t\t\t\t\t\tif(component.types[0] == 'street_number'){\n\t\t\t\t\t\t\t\tstreet_number = component['short_name']\n\t\t\t\t\t\t\t}\n\t\t\t\t\t\t\telse if (component.types[0] == 'route'){\n\t\t\t\t\t\t\t\tstreet = component['short_name']\n\t\t\t\t\t\t\t}\n\t\t\t\t\t\t\telse if (component.types[0] == 'locality'){\n\t\t\t\t\t\t\t\tcity = component['short_name']\n\t\t\t\t\t\t\t}\n\t\t\t\t\t\t\telse if (component.types[0] == 'administrative_area_level_1'){\n\t\t\t\t\t\t\t\tstate = component['short_name']\n\t\t\t\t\t\t\t}\n\t\t\t\t\t\t\telse if (component.types[0] == 'postal_code'){\n\t\t\t\t\t\t\t\tzip = component['short_name']\n\t\t\t\t\t\t\t}\n\t\t\t\t\t\t} catch(e){}\n\t\t\t\t\t});\n\t\t\t\t\twindow.location = 'https:\/\/www.sevenrealty.com\/free-home-valuation-form\/?Address='+ address +  '&lat=' + latitude + '&long=' + longitude;\n\t\t\t\t\t\/\/getOurValuation(street_number + ' ' + street, city + ', '+state + ' ' + zip);\n\t\t\t\t});\n}\njQuery(document).on(\"click\",\"#get-home-value-button\", function(event){event.preventDefault();});\n});<\/script> <script type=\"text\/javascript\" src=\"\/\/maps.googleapis.com\/maps\/api\/js?key=AIzaSyCsXUG7uQjUUDB5d6RIcXFTjE2pk66Lrrk&libraries=places\"><\/script>\t\t\t\t<\/div>\n\t\t\t\t<\/div>\n\t\t\t\t\t<\/div>\n\t\t<\/div>\n\t\t\t\t\t<\/div>\n\t\t<\/section>\n\t\t\t\t<\/div>\n\t\t","protected":false},"excerpt":{"rendered":"<p>Qual \u00e9 o valor da minha casa? Obtenha uma avalia\u00e7\u00e3o gratuita de sua propriedade! Pr\u00f3ximo<\/p>\n","protected":false},"author":2,"featured_media":0,"parent":0,"menu_order":0,"comment_status":"closed","ping_status":"closed","template":"elementor_header_footer","meta":{"footnotes":""},"class_list":["post-9963","page","type-page","status-publish","hentry"],"yoast_head":"<!-- This site is optimized with the Yoast SEO plugin v27.1.1 - https:\/\/yoast.com\/product\/yoast-seo-wordpress\/ -->\n<title>Avalia\u00e7\u00e3o da casa | Orlando homes for sale | Florida vacation homes<\/title>\n<meta name=\"robots\" content=\"index, follow, max-snippet:-1, max-image-preview:large, max-video-preview:-1\" \/>\n<link rel=\"canonical\" href=\"https:\/\/www.sevenrealty.com\/pt-br\/avaliacao-da-casa\/\" \/>\n<meta property=\"og:locale\" content=\"pt_BR\" \/>\n<meta property=\"og:type\" content=\"article\" \/>\n<meta property=\"og:title\" content=\"Avalia\u00e7\u00e3o da casa | Orlando homes for sale | Florida vacation homes\" \/>\n<meta property=\"og:description\" content=\"Qual \u00e9 o valor da minha casa? Obtenha uma avalia\u00e7\u00e3o gratuita de sua propriedade! Pr\u00f3ximo\" \/>\n<meta property=\"og:url\" content=\"https:\/\/www.sevenrealty.com\/pt-br\/avaliacao-da-casa\/\" \/>\n<meta property=\"og:site_name\" content=\"Orlando homes for sale | Florida vacation homes\" \/>\n<meta property=\"article:publisher\" content=\"https:\/\/www.facebook.com\/sevenrealtyorlando\" \/>\n<meta property=\"article:modified_time\" content=\"2024-04-01T21:43:23+00:00\" \/>\n<meta property=\"og:image\" content=\"https:\/\/www.sevenrealty.com\/wp-content\/uploads\/2020\/02\/logosseven-2.jpg\" \/>\n\t<meta property=\"og:image:width\" content=\"300\" \/>\n\t<meta property=\"og:image:height\" content=\"137\" \/>\n\t<meta property=\"og:image:type\" content=\"image\/jpeg\" \/>\n<meta name=\"twitter:card\" content=\"summary_large_image\" \/>\n<script type=\"application\/ld+json\" class=\"yoast-schema-graph\">{\"@context\":\"https:\/\/schema.org\",\"@graph\":[{\"@type\":\"WebPage\",\"@id\":\"https:\/\/www.sevenrealty.com\/pt-br\/avaliacao-da-casa\/\",\"url\":\"https:\/\/www.sevenrealty.com\/pt-br\/avaliacao-da-casa\/\",\"name\":\"Avalia\u00e7\u00e3o da casa | Orlando homes for sale | Florida vacation homes\",\"isPartOf\":{\"@id\":\"https:\/\/www.sevenrealty.com\/pt-br\/#website\"},\"datePublished\":\"2022-12-15T15:49:42+00:00\",\"dateModified\":\"2024-04-01T21:43:23+00:00\",\"breadcrumb\":{\"@id\":\"https:\/\/www.sevenrealty.com\/pt-br\/avaliacao-da-casa\/#breadcrumb\"},\"inLanguage\":\"pt-BR\",\"potentialAction\":[{\"@type\":\"ReadAction\",\"target\":[\"https:\/\/www.sevenrealty.com\/pt-br\/avaliacao-da-casa\/\"]}]},{\"@type\":\"BreadcrumbList\",\"@id\":\"https:\/\/www.sevenrealty.com\/pt-br\/avaliacao-da-casa\/#breadcrumb\",\"itemListElement\":[{\"@type\":\"ListItem\",\"position\":1,\"name\":\"Home\",\"item\":\"https:\/\/www.sevenrealty.com\/pt-br\/\"},{\"@type\":\"ListItem\",\"position\":2,\"name\":\"Avalia\u00e7\u00e3o da casa\"}]},{\"@type\":\"WebSite\",\"@id\":\"https:\/\/www.sevenrealty.com\/pt-br\/#website\",\"url\":\"https:\/\/www.sevenrealty.com\/pt-br\/\",\"name\":\"Orlando homes for sale | Florida vacation homes\",\"description\":\"Orlando Real Estate &amp; Homes | Buy a home in Orlando\",\"publisher\":{\"@id\":\"https:\/\/www.sevenrealty.com\/pt-br\/#organization\"},\"alternateName\":\"Homes for Sale in Orlando\",\"potentialAction\":[{\"@type\":\"SearchAction\",\"target\":{\"@type\":\"EntryPoint\",\"urlTemplate\":\"https:\/\/www.sevenrealty.com\/pt-br\/?s={search_term_string}\"},\"query-input\":{\"@type\":\"PropertyValueSpecification\",\"valueRequired\":true,\"valueName\":\"search_term_string\"}}],\"inLanguage\":\"pt-BR\"},{\"@type\":\"Organization\",\"@id\":\"https:\/\/www.sevenrealty.com\/pt-br\/#organization\",\"name\":\"Orlando homes for sale | Florida vacation homes\",\"alternateName\":\"Buy a home in Orlando\",\"url\":\"https:\/\/www.sevenrealty.com\/pt-br\/\",\"logo\":{\"@type\":\"ImageObject\",\"inLanguage\":\"pt-BR\",\"@id\":\"https:\/\/www.sevenrealty.com\/pt-br\/#\/schema\/logo\/image\/\",\"url\":\"https:\/\/www.sevenrealty.com\/wp-content\/uploads\/2024\/04\/favicon.png\",\"contentUrl\":\"https:\/\/www.sevenrealty.com\/wp-content\/uploads\/2024\/04\/favicon.png\",\"width\":225,\"height\":225,\"caption\":\"Orlando homes for sale | Florida vacation homes\"},\"image\":{\"@id\":\"https:\/\/www.sevenrealty.com\/pt-br\/#\/schema\/logo\/image\/\"},\"sameAs\":[\"https:\/\/www.facebook.com\/sevenrealtyorlando\",\"https:\/\/www.instagram.com\/sevenrealtyorlando\/\",\"https:\/\/www.youtube.com\/@sevenrealty7232\"]}]}<\/script>\n<!-- \/ Yoast SEO plugin. -->","yoast_head_json":{"title":"Avalia\u00e7\u00e3o da casa | Orlando homes for sale | Florida vacation homes","robots":{"index":"index","follow":"follow","max-snippet":"max-snippet:-1","max-image-preview":"max-image-preview:large","max-video-preview":"max-video-preview:-1"},"canonical":"https:\/\/www.sevenrealty.com\/pt-br\/avaliacao-da-casa\/","og_locale":"pt_BR","og_type":"article","og_title":"Avalia\u00e7\u00e3o da casa | Orlando homes for sale | Florida vacation homes","og_description":"Qual \u00e9 o valor da minha casa? Obtenha uma avalia\u00e7\u00e3o gratuita de sua propriedade! Pr\u00f3ximo","og_url":"https:\/\/www.sevenrealty.com\/pt-br\/avaliacao-da-casa\/","og_site_name":"Orlando homes for sale | Florida vacation homes","article_publisher":"https:\/\/www.facebook.com\/sevenrealtyorlando","article_modified_time":"2024-04-01T21:43:23+00:00","og_image":[{"width":300,"height":137,"url":"https:\/\/www.sevenrealty.com\/wp-content\/uploads\/2020\/02\/logosseven-2.jpg","type":"image\/jpeg"}],"twitter_card":"summary_large_image","schema":{"@context":"https:\/\/schema.org","@graph":[{"@type":"WebPage","@id":"https:\/\/www.sevenrealty.com\/pt-br\/avaliacao-da-casa\/","url":"https:\/\/www.sevenrealty.com\/pt-br\/avaliacao-da-casa\/","name":"Avalia\u00e7\u00e3o da casa | Orlando homes for sale | Florida vacation homes","isPartOf":{"@id":"https:\/\/www.sevenrealty.com\/pt-br\/#website"},"datePublished":"2022-12-15T15:49:42+00:00","dateModified":"2024-04-01T21:43:23+00:00","breadcrumb":{"@id":"https:\/\/www.sevenrealty.com\/pt-br\/avaliacao-da-casa\/#breadcrumb"},"inLanguage":"pt-BR","potentialAction":[{"@type":"ReadAction","target":["https:\/\/www.sevenrealty.com\/pt-br\/avaliacao-da-casa\/"]}]},{"@type":"BreadcrumbList","@id":"https:\/\/www.sevenrealty.com\/pt-br\/avaliacao-da-casa\/#breadcrumb","itemListElement":[{"@type":"ListItem","position":1,"name":"Home","item":"https:\/\/www.sevenrealty.com\/pt-br\/"},{"@type":"ListItem","position":2,"name":"Avalia\u00e7\u00e3o da casa"}]},{"@type":"WebSite","@id":"https:\/\/www.sevenrealty.com\/pt-br\/#website","url":"https:\/\/www.sevenrealty.com\/pt-br\/","name":"Orlando homes for sale | Florida vacation homes","description":"Orlando Real Estate &amp; Homes | Buy a home in Orlando","publisher":{"@id":"https:\/\/www.sevenrealty.com\/pt-br\/#organization"},"alternateName":"Homes for Sale in Orlando","potentialAction":[{"@type":"SearchAction","target":{"@type":"EntryPoint","urlTemplate":"https:\/\/www.sevenrealty.com\/pt-br\/?s={search_term_string}"},"query-input":{"@type":"PropertyValueSpecification","valueRequired":true,"valueName":"search_term_string"}}],"inLanguage":"pt-BR"},{"@type":"Organization","@id":"https:\/\/www.sevenrealty.com\/pt-br\/#organization","name":"Orlando homes for sale | Florida vacation homes","alternateName":"Buy a home in Orlando","url":"https:\/\/www.sevenrealty.com\/pt-br\/","logo":{"@type":"ImageObject","inLanguage":"pt-BR","@id":"https:\/\/www.sevenrealty.com\/pt-br\/#\/schema\/logo\/image\/","url":"https:\/\/www.sevenrealty.com\/wp-content\/uploads\/2024\/04\/favicon.png","contentUrl":"https:\/\/www.sevenrealty.com\/wp-content\/uploads\/2024\/04\/favicon.png","width":225,"height":225,"caption":"Orlando homes for sale | Florida vacation homes"},"image":{"@id":"https:\/\/www.sevenrealty.com\/pt-br\/#\/schema\/logo\/image\/"},"sameAs":["https:\/\/www.facebook.com\/sevenrealtyorlando","https:\/\/www.instagram.com\/sevenrealtyorlando\/","https:\/\/www.youtube.com\/@sevenrealty7232"]}]}},"_links":{"self":[{"href":"https:\/\/www.sevenrealty.com\/pt-br\/wp-json\/wp\/v2\/pages\/9963","targetHints":{"allow":["GET"]}}],"collection":[{"href":"https:\/\/www.sevenrealty.com\/pt-br\/wp-json\/wp\/v2\/pages"}],"about":[{"href":"https:\/\/www.sevenrealty.com\/pt-br\/wp-json\/wp\/v2\/types\/page"}],"author":[{"embeddable":true,"href":"https:\/\/www.sevenrealty.com\/pt-br\/wp-json\/wp\/v2\/users\/2"}],"replies":[{"embeddable":true,"href":"https:\/\/www.sevenrealty.com\/pt-br\/wp-json\/wp\/v2\/comments?post=9963"}],"version-history":[{"count":2,"href":"https:\/\/www.sevenrealty.com\/pt-br\/wp-json\/wp\/v2\/pages\/9963\/revisions"}],"predecessor-version":[{"id":9971,"href":"https:\/\/www.sevenrealty.com\/pt-br\/wp-json\/wp\/v2\/pages\/9963\/revisions\/9971"}],"wp:attachment":[{"href":"https:\/\/www.sevenrealty.com\/pt-br\/wp-json\/wp\/v2\/media?parent=9963"}],"curies":[{"name":"wp","href":"https:\/\/api.w.org\/{rel}","templated":true}]}}