{"id":9965,"date":"2023-01-04T07:36:30","date_gmt":"2023-01-04T12:36:30","guid":{"rendered":"https:\/\/www.sevenrealty.com\/kissimmee-celebracao\/"},"modified":"2024-04-20T01:19:57","modified_gmt":"2024-04-20T05:19:57","slug":"kissimmee-celebracao","status":"publish","type":"page","link":"https:\/\/www.sevenrealty.com\/pt-br\/kissimmee-celebracao\/","title":{"rendered":"Kissimmee\/Celebra\u00e7\u00e3o"},"content":{"rendered":"\t\t<div data-elementor-type=\"wp-page\" data-elementor-id=\"9965\" class=\"elementor elementor-9965 elementor-8933\">\n\t\t\t\t\t\t<section class=\"elementor-section elementor-top-section elementor-element elementor-element-e5647b3 elementor-section-full_width elementor-section-height-min-height elementor-section-height-default elementor-section-items-middle\" data-id=\"e5647b3\" data-element_type=\"section\" data-e-type=\"section\" data-settings=\"{&quot;background_background&quot;:&quot;classic&quot;}\">\n\t\t\t\t\t\t\t<div class=\"elementor-background-overlay\"><\/div>\n\t\t\t\t\t\t\t<div class=\"elementor-container elementor-column-gap-default\">\n\t\t\t\t\t<div class=\"elementor-column elementor-col-100 elementor-top-column elementor-element elementor-element-1666c56\" data-id=\"1666c56\" data-element_type=\"column\" data-e-type=\"column\">\n\t\t\t<div class=\"elementor-widget-wrap elementor-element-populated\">\n\t\t\t\t\t\t<div class=\"elementor-element elementor-element-c25b335 elementor-widget elementor-widget-heading\" data-id=\"c25b335\" data-element_type=\"widget\" data-e-type=\"widget\" data-widget_type=\"heading.default\">\n\t\t\t\t<div class=\"elementor-widget-container\">\n\t\t\t\t\t<h2 class=\"elementor-heading-title elementor-size-default\">  Kissimmee\/Celebration FL<\/h2>\t\t\t\t<\/div>\n\t\t\t\t<\/div>\n\t\t\t\t\t<\/div>\n\t\t<\/div>\n\t\t\t\t\t<\/div>\n\t\t<\/section>\n\t\t\t\t<section class=\"elementor-section elementor-top-section elementor-element elementor-element-26f2825 elementor-section-boxed elementor-section-height-default elementor-section-height-default\" data-id=\"26f2825\" data-element_type=\"section\" data-e-type=\"section\">\n\t\t\t\t\t\t<div class=\"elementor-container elementor-column-gap-default\">\n\t\t\t\t\t<div class=\"elementor-column elementor-col-100 elementor-top-column elementor-element elementor-element-265525a\" data-id=\"265525a\" data-element_type=\"column\" data-e-type=\"column\">\n\t\t\t<div class=\"elementor-widget-wrap elementor-element-populated\">\n\t\t\t\t\t\t<section class=\"elementor-section elementor-inner-section elementor-element elementor-element-4f09d00 elementor-section-boxed elementor-section-height-default elementor-section-height-default\" data-id=\"4f09d00\" data-element_type=\"section\" data-e-type=\"section\">\n\t\t\t\t\t\t<div class=\"elementor-container elementor-column-gap-default\">\n\t\t\t\t\t<div class=\"elementor-column elementor-col-50 elementor-inner-column elementor-element elementor-element-b47a243\" data-id=\"b47a243\" data-element_type=\"column\" data-e-type=\"column\">\n\t\t\t<div class=\"elementor-widget-wrap elementor-element-populated\">\n\t\t\t\t\t\t<div class=\"elementor-element elementor-element-6296398 elementor-widget elementor-widget-heading\" data-id=\"6296398\" data-element_type=\"widget\" data-e-type=\"widget\" data-widget_type=\"heading.default\">\n\t\t\t\t<div class=\"elementor-widget-container\">\n\t\t\t\t\t<h2 class=\"elementor-heading-title elementor-size-default\">  Kissimmee\/Celebration FL Real Estate<\/h2>\t\t\t\t<\/div>\n\t\t\t\t<\/div>\n\t\t\t\t<div class=\"elementor-element elementor-element-888cddc elementor-widget elementor-widget-text-editor\" data-id=\"888cddc\" data-element_type=\"widget\" data-e-type=\"widget\" data-widget_type=\"text-editor.default\">\n\t\t\t\t<div class=\"elementor-widget-container\">\n\t\t\t\t\t\t\t\t\t<p>Celebration \u00e9 uma comunidade planejada (MPC) e um local designado pelo censo (CDP) no Condado de Osceola, Fl\u00f3rida, Estados Unidos. Um sub\u00farbio de Orlando, Celebration est\u00e1 localizado pr\u00f3ximo ao Walt Disney World Resort e foi originalmente desenvolvido pela The Walt Disney Company. Sua popula\u00e7\u00e3o foi registrada como 11.178 no censo de 2020.  <\/p>\n\t\t\t\t\t\t\t\t<\/div>\n\t\t\t\t<\/div>\n\t\t\t\t\t<\/div>\n\t\t<\/div>\n\t\t\t\t<div class=\"elementor-column elementor-col-50 elementor-inner-column elementor-element elementor-element-63beeb1\" data-id=\"63beeb1\" data-element_type=\"column\" data-e-type=\"column\" id=\"img-box\">\n\t\t\t<div class=\"elementor-widget-wrap elementor-element-populated\">\n\t\t\t\t\t\t<div class=\"elementor-element elementor-element-af1ce68 elementor-widget elementor-widget-image\" data-id=\"af1ce68\" data-element_type=\"widget\" data-e-type=\"widget\" data-widget_type=\"image.default\">\n\t\t\t\t<div class=\"elementor-widget-container\">\n\t\t\t\t\t\t\t\t\t\t\t\t\t\t\t<img fetchpriority=\"high\" decoding=\"async\" width=\"738\" height=\"492\" src=\"https:\/\/www.sevenrealty.com\/wp-content\/uploads\/2020\/02\/d003-1-768x512.jpg\" class=\"attachment-medium_large size-medium_large wp-image-9813\" alt=\"\" srcset=\"https:\/\/www.sevenrealty.com\/wp-content\/uploads\/2020\/02\/d003-1-768x512.jpg 768w, https:\/\/www.sevenrealty.com\/wp-content\/uploads\/2020\/02\/d003-1-300x200.jpg 300w, https:\/\/www.sevenrealty.com\/wp-content\/uploads\/2020\/02\/d003-1-150x100.jpg 150w, https:\/\/www.sevenrealty.com\/wp-content\/uploads\/2020\/02\/d003-1-488x326.jpg 488w, https:\/\/www.sevenrealty.com\/wp-content\/uploads\/2020\/02\/d003-1.jpg 1024w\" sizes=\"(max-width: 738px) 100vw, 738px\" \/>\t\t\t\t\t\t\t\t\t\t\t\t\t\t\t<\/div>\n\t\t\t\t<\/div>\n\t\t\t\t\t<\/div>\n\t\t<\/div>\n\t\t\t\t\t<\/div>\n\t\t<\/section>\n\t\t\t\t\t<\/div>\n\t\t<\/div>\n\t\t\t\t\t<\/div>\n\t\t<\/section>\n\t\t\t\t<section class=\"elementor-section elementor-top-section elementor-element elementor-element-a99e250 elementor-section-full_width elementor-section-height-default elementor-section-height-default\" data-id=\"a99e250\" data-element_type=\"section\" data-e-type=\"section\">\n\t\t\t\t\t\t<div class=\"elementor-container elementor-column-gap-default\">\n\t\t\t\t\t<div class=\"elementor-column elementor-col-100 elementor-top-column elementor-element elementor-element-417a3cc\" data-id=\"417a3cc\" data-element_type=\"column\" data-e-type=\"column\">\n\t\t\t<div class=\"elementor-widget-wrap elementor-element-populated\">\n\t\t\t\t\t\t<section class=\"elementor-section elementor-inner-section elementor-element elementor-element-1775fe3 elementor-section-boxed elementor-section-height-default elementor-section-height-default\" data-id=\"1775fe3\" data-element_type=\"section\" data-e-type=\"section\">\n\t\t\t\t\t\t<div class=\"elementor-container elementor-column-gap-default\">\n\t\t\t\t\t<div class=\"elementor-column elementor-col-100 elementor-inner-column elementor-element elementor-element-31168ff\" data-id=\"31168ff\" data-element_type=\"column\" data-e-type=\"column\">\n\t\t\t<div class=\"elementor-widget-wrap elementor-element-populated\">\n\t\t\t\t\t\t<div class=\"elementor-element elementor-element-f973ecd elementor-widget elementor-widget-heading\" data-id=\"f973ecd\" data-element_type=\"widget\" data-e-type=\"widget\" data-widget_type=\"heading.default\">\n\t\t\t\t<div class=\"elementor-widget-container\">\n\t\t\t\t\t<h2 class=\"elementor-heading-title elementor-size-default\">Casas dispon\u00edveis para venda em Kissimmee\/Celebration FL<\/h2>\t\t\t\t<\/div>\n\t\t\t\t<\/div>\n\t\t\t\t<div class=\"elementor-element elementor-element-c21d0c4 elementor-widget elementor-widget-shortcode\" data-id=\"c21d0c4\" data-element_type=\"widget\" data-e-type=\"widget\" id=\"srchp\" data-widget_type=\"shortcode.default\">\n\t\t\t\t<div class=\"elementor-widget-container\">\n\t\t\t\t\t\t\t<div class=\"elementor-shortcode\"><script charset=\"UTF-8\" type=\"text\/javascript\" id=\"idxwidgetsrc-45648\" src=\"\/\/homes-for-sale.sevenrealty.com\/idx\/customshowcasejs.php?widgetid=45648\"><\/script><\/div>\n\t\t\t\t\t\t<\/div>\n\t\t\t\t<\/div>\n\t\t\t\t<div class=\"elementor-element elementor-element-54b97c0 elementor-align-center elementor-invisible elementor-widget elementor-widget-button\" data-id=\"54b97c0\" data-element_type=\"widget\" data-e-type=\"widget\" data-settings=\"{&quot;_animation&quot;:&quot;fadeInLeft&quot;}\" data-widget_type=\"button.default\">\n\t\t\t\t<div class=\"elementor-widget-container\">\n\t\t\t\t\t\t\t\t\t<div class=\"elementor-button-wrapper\">\n\t\t\t\t\t<a class=\"elementor-button elementor-button-link elementor-size-sm elementor-animation-pulse\" href=\"https:\/\/sevenrealty.idxbroker.com\/i\/homes-for-sale-in-kissimmee-celebration-fl\">\n\t\t\t\t\t\t<span class=\"elementor-button-content-wrapper\">\n\t\t\t\t\t\t\t\t\t<span class=\"elementor-button-text\">Ver todas as propriedades<\/span>\n\t\t\t\t\t<\/span>\n\t\t\t\t\t<\/a>\n\t\t\t\t<\/div>\n\t\t\t\t\t\t\t\t<\/div>\n\t\t\t\t<\/div>\n\t\t\t\t\t<\/div>\n\t\t<\/div>\n\t\t\t\t\t<\/div>\n\t\t<\/section>\n\t\t\t\t\t<\/div>\n\t\t<\/div>\n\t\t\t\t\t<\/div>\n\t\t<\/section>\n\t\t\t\t<\/div>\n\t\t","protected":false},"excerpt":{"rendered":"<p>Kissimmee\/Celebration FL Kissimmee\/Celebration FL Real Estate Celebration \u00e9 uma comunidade planejada (MPC) e um local designado pelo censo (CDP) no Condado de Osceola, Fl\u00f3rida, Estados Unidos. Um sub\u00farbio de Orlando, Celebration est\u00e1 localizado pr\u00f3ximo ao Walt Disney World Resort e foi originalmente desenvolvido pela The Walt Disney Company. Sua popula\u00e7\u00e3o foi registrada como 11.178 no&#8230;<\/p>\n","protected":false},"author":2,"featured_media":0,"parent":0,"menu_order":0,"comment_status":"closed","ping_status":"closed","template":"elementor_header_footer","meta":{"footnotes":""},"class_list":["post-9965","page","type-page","status-publish","hentry"],"yoast_head":"<!-- This site is optimized with the Yoast SEO plugin v27.1.1 - https:\/\/yoast.com\/product\/yoast-seo-wordpress\/ -->\n<title>Kissimmee\/Celebra\u00e7\u00e3o | Orlando homes for sale | Florida vacation homes<\/title>\n<meta name=\"robots\" content=\"index, follow, max-snippet:-1, max-image-preview:large, max-video-preview:-1\" \/>\n<link rel=\"canonical\" href=\"https:\/\/www.sevenrealty.com\/pt-br\/kissimmee-celebracao\/\" \/>\n<meta property=\"og:locale\" content=\"pt_BR\" \/>\n<meta property=\"og:type\" content=\"article\" \/>\n<meta property=\"og:title\" content=\"Kissimmee\/Celebra\u00e7\u00e3o | Orlando homes for sale | Florida vacation homes\" \/>\n<meta property=\"og:description\" content=\"Kissimmee\/Celebration FL Kissimmee\/Celebration FL Real Estate Celebration \u00e9 uma comunidade planejada (MPC) e um local designado pelo censo (CDP) no Condado de Osceola, Fl\u00f3rida, Estados Unidos. Um sub\u00farbio de Orlando, Celebration est\u00e1 localizado pr\u00f3ximo ao Walt Disney World Resort e foi originalmente desenvolvido pela The Walt Disney Company. Sua popula\u00e7\u00e3o foi registrada como 11.178 no...\" \/>\n<meta property=\"og:url\" content=\"https:\/\/www.sevenrealty.com\/pt-br\/kissimmee-celebracao\/\" \/>\n<meta property=\"og:site_name\" content=\"Orlando homes for sale | Florida vacation homes\" \/>\n<meta property=\"article:publisher\" content=\"https:\/\/www.facebook.com\/sevenrealtyorlando\" \/>\n<meta property=\"article:modified_time\" content=\"2024-04-20T05:19:57+00:00\" \/>\n<meta property=\"og:image\" content=\"https:\/\/www.sevenrealty.com\/wp-content\/uploads\/2020\/02\/d003-1-768x512.jpg\" \/>\n<meta name=\"twitter:card\" content=\"summary_large_image\" \/>\n<meta name=\"twitter:label1\" content=\"Est. tempo de leitura\" \/>\n\t<meta name=\"twitter:data1\" content=\"1 minuto\" \/>\n<script type=\"application\/ld+json\" class=\"yoast-schema-graph\">{\"@context\":\"https:\/\/schema.org\",\"@graph\":[{\"@type\":\"WebPage\",\"@id\":\"https:\/\/www.sevenrealty.com\/pt-br\/kissimmee-celebracao\/\",\"url\":\"https:\/\/www.sevenrealty.com\/pt-br\/kissimmee-celebracao\/\",\"name\":\"Kissimmee\/Celebra\u00e7\u00e3o | Orlando homes for sale | Florida vacation homes\",\"isPartOf\":{\"@id\":\"https:\/\/www.sevenrealty.com\/pt-br\/#website\"},\"primaryImageOfPage\":{\"@id\":\"https:\/\/www.sevenrealty.com\/pt-br\/kissimmee-celebracao\/#primaryimage\"},\"image\":{\"@id\":\"https:\/\/www.sevenrealty.com\/pt-br\/kissimmee-celebracao\/#primaryimage\"},\"thumbnailUrl\":\"https:\/\/www.sevenrealty.com\/wp-content\/uploads\/2020\/02\/d003-1-768x512.jpg\",\"datePublished\":\"2023-01-04T12:36:30+00:00\",\"dateModified\":\"2024-04-20T05:19:57+00:00\",\"breadcrumb\":{\"@id\":\"https:\/\/www.sevenrealty.com\/pt-br\/kissimmee-celebracao\/#breadcrumb\"},\"inLanguage\":\"pt-BR\",\"potentialAction\":[{\"@type\":\"ReadAction\",\"target\":[\"https:\/\/www.sevenrealty.com\/pt-br\/kissimmee-celebracao\/\"]}]},{\"@type\":\"ImageObject\",\"inLanguage\":\"pt-BR\",\"@id\":\"https:\/\/www.sevenrealty.com\/pt-br\/kissimmee-celebracao\/#primaryimage\",\"url\":\"https:\/\/www.sevenrealty.com\/wp-content\/uploads\/2020\/02\/d003-1-768x512.jpg\",\"contentUrl\":\"https:\/\/www.sevenrealty.com\/wp-content\/uploads\/2020\/02\/d003-1-768x512.jpg\"},{\"@type\":\"BreadcrumbList\",\"@id\":\"https:\/\/www.sevenrealty.com\/pt-br\/kissimmee-celebracao\/#breadcrumb\",\"itemListElement\":[{\"@type\":\"ListItem\",\"position\":1,\"name\":\"Home\",\"item\":\"https:\/\/www.sevenrealty.com\/pt-br\/\"},{\"@type\":\"ListItem\",\"position\":2,\"name\":\"Kissimmee\/Celebra\u00e7\u00e3o\"}]},{\"@type\":\"WebSite\",\"@id\":\"https:\/\/www.sevenrealty.com\/pt-br\/#website\",\"url\":\"https:\/\/www.sevenrealty.com\/pt-br\/\",\"name\":\"Orlando homes for sale | Florida vacation homes\",\"description\":\"Orlando Real Estate &amp; Homes | Buy a home in Orlando\",\"publisher\":{\"@id\":\"https:\/\/www.sevenrealty.com\/pt-br\/#organization\"},\"alternateName\":\"Homes for Sale in Orlando\",\"potentialAction\":[{\"@type\":\"SearchAction\",\"target\":{\"@type\":\"EntryPoint\",\"urlTemplate\":\"https:\/\/www.sevenrealty.com\/pt-br\/?s={search_term_string}\"},\"query-input\":{\"@type\":\"PropertyValueSpecification\",\"valueRequired\":true,\"valueName\":\"search_term_string\"}}],\"inLanguage\":\"pt-BR\"},{\"@type\":\"Organization\",\"@id\":\"https:\/\/www.sevenrealty.com\/pt-br\/#organization\",\"name\":\"Orlando homes for sale | Florida vacation homes\",\"alternateName\":\"Buy a home in Orlando\",\"url\":\"https:\/\/www.sevenrealty.com\/pt-br\/\",\"logo\":{\"@type\":\"ImageObject\",\"inLanguage\":\"pt-BR\",\"@id\":\"https:\/\/www.sevenrealty.com\/pt-br\/#\/schema\/logo\/image\/\",\"url\":\"https:\/\/www.sevenrealty.com\/wp-content\/uploads\/2024\/04\/favicon.png\",\"contentUrl\":\"https:\/\/www.sevenrealty.com\/wp-content\/uploads\/2024\/04\/favicon.png\",\"width\":225,\"height\":225,\"caption\":\"Orlando homes for sale | Florida vacation homes\"},\"image\":{\"@id\":\"https:\/\/www.sevenrealty.com\/pt-br\/#\/schema\/logo\/image\/\"},\"sameAs\":[\"https:\/\/www.facebook.com\/sevenrealtyorlando\",\"https:\/\/www.instagram.com\/sevenrealtyorlando\/\",\"https:\/\/www.youtube.com\/@sevenrealty7232\"]}]}<\/script>\n<!-- \/ Yoast SEO plugin. -->","yoast_head_json":{"title":"Kissimmee\/Celebra\u00e7\u00e3o | Orlando homes for sale | Florida vacation homes","robots":{"index":"index","follow":"follow","max-snippet":"max-snippet:-1","max-image-preview":"max-image-preview:large","max-video-preview":"max-video-preview:-1"},"canonical":"https:\/\/www.sevenrealty.com\/pt-br\/kissimmee-celebracao\/","og_locale":"pt_BR","og_type":"article","og_title":"Kissimmee\/Celebra\u00e7\u00e3o | Orlando homes for sale | Florida vacation homes","og_description":"Kissimmee\/Celebration FL Kissimmee\/Celebration FL Real Estate Celebration \u00e9 uma comunidade planejada (MPC) e um local designado pelo censo (CDP) no Condado de Osceola, Fl\u00f3rida, Estados Unidos. Um sub\u00farbio de Orlando, Celebration est\u00e1 localizado pr\u00f3ximo ao Walt Disney World Resort e foi originalmente desenvolvido pela The Walt Disney Company. Sua popula\u00e7\u00e3o foi registrada como 11.178 no...","og_url":"https:\/\/www.sevenrealty.com\/pt-br\/kissimmee-celebracao\/","og_site_name":"Orlando homes for sale | Florida vacation homes","article_publisher":"https:\/\/www.facebook.com\/sevenrealtyorlando","article_modified_time":"2024-04-20T05:19:57+00:00","og_image":[{"url":"https:\/\/www.sevenrealty.com\/wp-content\/uploads\/2020\/02\/d003-1-768x512.jpg","type":"","width":"","height":""}],"twitter_card":"summary_large_image","twitter_misc":{"Est. tempo de leitura":"1 minuto"},"schema":{"@context":"https:\/\/schema.org","@graph":[{"@type":"WebPage","@id":"https:\/\/www.sevenrealty.com\/pt-br\/kissimmee-celebracao\/","url":"https:\/\/www.sevenrealty.com\/pt-br\/kissimmee-celebracao\/","name":"Kissimmee\/Celebra\u00e7\u00e3o | Orlando homes for sale | Florida vacation homes","isPartOf":{"@id":"https:\/\/www.sevenrealty.com\/pt-br\/#website"},"primaryImageOfPage":{"@id":"https:\/\/www.sevenrealty.com\/pt-br\/kissimmee-celebracao\/#primaryimage"},"image":{"@id":"https:\/\/www.sevenrealty.com\/pt-br\/kissimmee-celebracao\/#primaryimage"},"thumbnailUrl":"https:\/\/www.sevenrealty.com\/wp-content\/uploads\/2020\/02\/d003-1-768x512.jpg","datePublished":"2023-01-04T12:36:30+00:00","dateModified":"2024-04-20T05:19:57+00:00","breadcrumb":{"@id":"https:\/\/www.sevenrealty.com\/pt-br\/kissimmee-celebracao\/#breadcrumb"},"inLanguage":"pt-BR","potentialAction":[{"@type":"ReadAction","target":["https:\/\/www.sevenrealty.com\/pt-br\/kissimmee-celebracao\/"]}]},{"@type":"ImageObject","inLanguage":"pt-BR","@id":"https:\/\/www.sevenrealty.com\/pt-br\/kissimmee-celebracao\/#primaryimage","url":"https:\/\/www.sevenrealty.com\/wp-content\/uploads\/2020\/02\/d003-1-768x512.jpg","contentUrl":"https:\/\/www.sevenrealty.com\/wp-content\/uploads\/2020\/02\/d003-1-768x512.jpg"},{"@type":"BreadcrumbList","@id":"https:\/\/www.sevenrealty.com\/pt-br\/kissimmee-celebracao\/#breadcrumb","itemListElement":[{"@type":"ListItem","position":1,"name":"Home","item":"https:\/\/www.sevenrealty.com\/pt-br\/"},{"@type":"ListItem","position":2,"name":"Kissimmee\/Celebra\u00e7\u00e3o"}]},{"@type":"WebSite","@id":"https:\/\/www.sevenrealty.com\/pt-br\/#website","url":"https:\/\/www.sevenrealty.com\/pt-br\/","name":"Orlando homes for sale | Florida vacation homes","description":"Orlando Real Estate &amp; Homes | Buy a home in Orlando","publisher":{"@id":"https:\/\/www.sevenrealty.com\/pt-br\/#organization"},"alternateName":"Homes for Sale in Orlando","potentialAction":[{"@type":"SearchAction","target":{"@type":"EntryPoint","urlTemplate":"https:\/\/www.sevenrealty.com\/pt-br\/?s={search_term_string}"},"query-input":{"@type":"PropertyValueSpecification","valueRequired":true,"valueName":"search_term_string"}}],"inLanguage":"pt-BR"},{"@type":"Organization","@id":"https:\/\/www.sevenrealty.com\/pt-br\/#organization","name":"Orlando homes for sale | Florida vacation homes","alternateName":"Buy a home in Orlando","url":"https:\/\/www.sevenrealty.com\/pt-br\/","logo":{"@type":"ImageObject","inLanguage":"pt-BR","@id":"https:\/\/www.sevenrealty.com\/pt-br\/#\/schema\/logo\/image\/","url":"https:\/\/www.sevenrealty.com\/wp-content\/uploads\/2024\/04\/favicon.png","contentUrl":"https:\/\/www.sevenrealty.com\/wp-content\/uploads\/2024\/04\/favicon.png","width":225,"height":225,"caption":"Orlando homes for sale | Florida vacation homes"},"image":{"@id":"https:\/\/www.sevenrealty.com\/pt-br\/#\/schema\/logo\/image\/"},"sameAs":["https:\/\/www.facebook.com\/sevenrealtyorlando","https:\/\/www.instagram.com\/sevenrealtyorlando\/","https:\/\/www.youtube.com\/@sevenrealty7232"]}]}},"_links":{"self":[{"href":"https:\/\/www.sevenrealty.com\/pt-br\/wp-json\/wp\/v2\/pages\/9965","targetHints":{"allow":["GET"]}}],"collection":[{"href":"https:\/\/www.sevenrealty.com\/pt-br\/wp-json\/wp\/v2\/pages"}],"about":[{"href":"https:\/\/www.sevenrealty.com\/pt-br\/wp-json\/wp\/v2\/types\/page"}],"author":[{"embeddable":true,"href":"https:\/\/www.sevenrealty.com\/pt-br\/wp-json\/wp\/v2\/users\/2"}],"replies":[{"embeddable":true,"href":"https:\/\/www.sevenrealty.com\/pt-br\/wp-json\/wp\/v2\/comments?post=9965"}],"version-history":[{"count":5,"href":"https:\/\/www.sevenrealty.com\/pt-br\/wp-json\/wp\/v2\/pages\/9965\/revisions"}],"predecessor-version":[{"id":10492,"href":"https:\/\/www.sevenrealty.com\/pt-br\/wp-json\/wp\/v2\/pages\/9965\/revisions\/10492"}],"wp:attachment":[{"href":"https:\/\/www.sevenrealty.com\/pt-br\/wp-json\/wp\/v2\/media?parent=9965"}],"curies":[{"name":"wp","href":"https:\/\/api.w.org\/{rel}","templated":true}]}}