{"id":9978,"date":"2023-01-04T07:37:40","date_gmt":"2023-01-04T12:37:40","guid":{"rendered":"https:\/\/www.sevenrealty.com\/jardim-de-inverno\/"},"modified":"2024-04-20T01:18:51","modified_gmt":"2024-04-20T05:18:51","slug":"jardim-de-inverno","status":"publish","type":"page","link":"https:\/\/www.sevenrealty.com\/pt-br\/jardim-de-inverno\/","title":{"rendered":"Jardim de Inverno"},"content":{"rendered":"\t\t<div data-elementor-type=\"wp-page\" data-elementor-id=\"9978\" class=\"elementor elementor-9978 elementor-8935\">\n\t\t\t\t\t\t<section class=\"elementor-section elementor-top-section elementor-element elementor-element-c10d138 elementor-section-full_width elementor-section-height-min-height elementor-section-height-default elementor-section-items-middle\" data-id=\"c10d138\" data-element_type=\"section\" data-e-type=\"section\" data-settings=\"{&quot;background_background&quot;:&quot;classic&quot;}\">\n\t\t\t\t\t\t\t<div class=\"elementor-background-overlay\"><\/div>\n\t\t\t\t\t\t\t<div class=\"elementor-container elementor-column-gap-default\">\n\t\t\t\t\t<div class=\"elementor-column elementor-col-100 elementor-top-column elementor-element elementor-element-2c303a1\" data-id=\"2c303a1\" data-element_type=\"column\" data-e-type=\"column\">\n\t\t\t<div class=\"elementor-widget-wrap elementor-element-populated\">\n\t\t\t\t\t\t<div class=\"elementor-element elementor-element-2b245c8 elementor-widget elementor-widget-heading\" data-id=\"2b245c8\" data-element_type=\"widget\" data-e-type=\"widget\" data-widget_type=\"heading.default\">\n\t\t\t\t<div class=\"elementor-widget-container\">\n\t\t\t\t\t<h2 class=\"elementor-heading-title elementor-size-default\">Winter Garden FL<\/h2>\t\t\t\t<\/div>\n\t\t\t\t<\/div>\n\t\t\t\t\t<\/div>\n\t\t<\/div>\n\t\t\t\t\t<\/div>\n\t\t<\/section>\n\t\t\t\t<section class=\"elementor-section elementor-top-section elementor-element elementor-element-7636df7 elementor-section-boxed elementor-section-height-default elementor-section-height-default\" data-id=\"7636df7\" data-element_type=\"section\" data-e-type=\"section\">\n\t\t\t\t\t\t<div class=\"elementor-container elementor-column-gap-default\">\n\t\t\t\t\t<div class=\"elementor-column elementor-col-100 elementor-top-column elementor-element elementor-element-4d4084c\" data-id=\"4d4084c\" data-element_type=\"column\" data-e-type=\"column\">\n\t\t\t<div class=\"elementor-widget-wrap elementor-element-populated\">\n\t\t\t\t\t\t<section class=\"elementor-section elementor-inner-section elementor-element elementor-element-93639f6 elementor-section-boxed elementor-section-height-default elementor-section-height-default\" data-id=\"93639f6\" data-element_type=\"section\" data-e-type=\"section\">\n\t\t\t\t\t\t<div class=\"elementor-container elementor-column-gap-default\">\n\t\t\t\t\t<div class=\"elementor-column elementor-col-50 elementor-inner-column elementor-element elementor-element-ea81398\" data-id=\"ea81398\" data-element_type=\"column\" data-e-type=\"column\">\n\t\t\t<div class=\"elementor-widget-wrap elementor-element-populated\">\n\t\t\t\t\t\t<div class=\"elementor-element elementor-element-20e679c elementor-widget elementor-widget-heading\" data-id=\"20e679c\" data-element_type=\"widget\" data-e-type=\"widget\" data-widget_type=\"heading.default\">\n\t\t\t\t<div class=\"elementor-widget-container\">\n\t\t\t\t\t<h2 class=\"elementor-heading-title elementor-size-default\">Winter Garden FL Im\u00f3veis<\/h2>\t\t\t\t<\/div>\n\t\t\t\t<\/div>\n\t\t\t\t<div class=\"elementor-element elementor-element-ad0a82e elementor-widget elementor-widget-text-editor\" data-id=\"ad0a82e\" data-element_type=\"widget\" data-e-type=\"widget\" data-widget_type=\"text-editor.default\">\n\t\t\t\t<div class=\"elementor-widget-container\">\n\t\t\t\t\t\t\t\t\t<p>Winter Garden \u00e9 uma cidade 23 km a oeste do centro de Orlando, na parte oeste do Condado de Orange, Fl\u00f3rida, Estados Unidos. Faz parte da \u00c1rea Metropolitana de Estat\u00edstica de Orlando-Kissimmee-Sanford, Fl\u00f3rida. Sua popula\u00e7\u00e3o era de 46.051 em 2019.  <\/p>\n\t\t\t\t\t\t\t\t<\/div>\n\t\t\t\t<\/div>\n\t\t\t\t\t<\/div>\n\t\t<\/div>\n\t\t\t\t<div class=\"elementor-column elementor-col-50 elementor-inner-column elementor-element elementor-element-93364d2\" data-id=\"93364d2\" data-element_type=\"column\" data-e-type=\"column\" id=\"img-box\">\n\t\t\t<div class=\"elementor-widget-wrap elementor-element-populated\">\n\t\t\t\t\t\t<div class=\"elementor-element elementor-element-590ff79 elementor-widget elementor-widget-image\" data-id=\"590ff79\" data-element_type=\"widget\" data-e-type=\"widget\" data-widget_type=\"image.default\">\n\t\t\t\t<div class=\"elementor-widget-container\">\n\t\t\t\t\t\t\t\t\t\t\t\t\t\t\t<img fetchpriority=\"high\" decoding=\"async\" width=\"768\" height=\"512\" src=\"https:\/\/www.sevenrealty.com\/wp-content\/uploads\/2020\/02\/d003-4-768x512.jpg\" class=\"attachment-medium_large size-medium_large wp-image-9816\" alt=\"\" srcset=\"https:\/\/www.sevenrealty.com\/wp-content\/uploads\/2020\/02\/d003-4-768x512.jpg 768w, https:\/\/www.sevenrealty.com\/wp-content\/uploads\/2020\/02\/d003-4-300x200.jpg 300w, https:\/\/www.sevenrealty.com\/wp-content\/uploads\/2020\/02\/d003-4-150x100.jpg 150w, https:\/\/www.sevenrealty.com\/wp-content\/uploads\/2020\/02\/d003-4-488x326.jpg 488w, https:\/\/www.sevenrealty.com\/wp-content\/uploads\/2020\/02\/d003-4.jpg 1024w\" sizes=\"(max-width: 768px) 100vw, 768px\" \/>\t\t\t\t\t\t\t\t\t\t\t\t\t\t\t<\/div>\n\t\t\t\t<\/div>\n\t\t\t\t\t<\/div>\n\t\t<\/div>\n\t\t\t\t\t<\/div>\n\t\t<\/section>\n\t\t\t\t\t<\/div>\n\t\t<\/div>\n\t\t\t\t\t<\/div>\n\t\t<\/section>\n\t\t\t\t<section class=\"elementor-section elementor-top-section elementor-element elementor-element-548b196 elementor-section-full_width elementor-section-height-default elementor-section-height-default\" data-id=\"548b196\" data-element_type=\"section\" data-e-type=\"section\">\n\t\t\t\t\t\t<div class=\"elementor-container elementor-column-gap-default\">\n\t\t\t\t\t<div class=\"elementor-column elementor-col-100 elementor-top-column elementor-element elementor-element-c0685d4\" data-id=\"c0685d4\" data-element_type=\"column\" data-e-type=\"column\">\n\t\t\t<div class=\"elementor-widget-wrap elementor-element-populated\">\n\t\t\t\t\t\t<section class=\"elementor-section elementor-inner-section elementor-element elementor-element-4021b55 elementor-section-boxed elementor-section-height-default elementor-section-height-default\" data-id=\"4021b55\" data-element_type=\"section\" data-e-type=\"section\">\n\t\t\t\t\t\t<div class=\"elementor-container elementor-column-gap-default\">\n\t\t\t\t\t<div class=\"elementor-column elementor-col-100 elementor-inner-column elementor-element elementor-element-dad22e5\" data-id=\"dad22e5\" data-element_type=\"column\" data-e-type=\"column\">\n\t\t\t<div class=\"elementor-widget-wrap elementor-element-populated\">\n\t\t\t\t\t\t<div class=\"elementor-element elementor-element-2975add elementor-widget elementor-widget-heading\" data-id=\"2975add\" data-element_type=\"widget\" data-e-type=\"widget\" data-widget_type=\"heading.default\">\n\t\t\t\t<div class=\"elementor-widget-container\">\n\t\t\t\t\t<h2 class=\"elementor-heading-title elementor-size-default\">Casas dispon\u00edveis para venda em Winter Garden FL<\/h2>\t\t\t\t<\/div>\n\t\t\t\t<\/div>\n\t\t\t\t<div class=\"elementor-element elementor-element-3eb03a5 elementor-widget elementor-widget-shortcode\" data-id=\"3eb03a5\" data-element_type=\"widget\" data-e-type=\"widget\" id=\"srchp\" data-widget_type=\"shortcode.default\">\n\t\t\t\t<div class=\"elementor-widget-container\">\n\t\t\t\t\t\t\t<div class=\"elementor-shortcode\"><script charset=\"UTF-8\" type=\"text\/javascript\" id=\"idxwidgetsrc-45649\" src=\"\/\/homes-for-sale.sevenrealty.com\/idx\/customshowcasejs.php?widgetid=45649\"><\/script><\/div>\n\t\t\t\t\t\t<\/div>\n\t\t\t\t<\/div>\n\t\t\t\t<div class=\"elementor-element elementor-element-a5172df elementor-align-center elementor-invisible elementor-widget elementor-widget-button\" data-id=\"a5172df\" data-element_type=\"widget\" data-e-type=\"widget\" data-settings=\"{&quot;_animation&quot;:&quot;fadeInLeft&quot;}\" data-widget_type=\"button.default\">\n\t\t\t\t<div class=\"elementor-widget-container\">\n\t\t\t\t\t\t\t\t\t<div class=\"elementor-button-wrapper\">\n\t\t\t\t\t<a class=\"elementor-button elementor-button-link elementor-size-sm elementor-animation-pulse\" href=\"https:\/\/sevenrealty.idxbroker.com\/i\/homes-for-sale-in-winter-garden-fl\">\n\t\t\t\t\t\t<span class=\"elementor-button-content-wrapper\">\n\t\t\t\t\t\t\t\t\t<span class=\"elementor-button-text\">Ver todas as propriedades<\/span>\n\t\t\t\t\t<\/span>\n\t\t\t\t\t<\/a>\n\t\t\t\t<\/div>\n\t\t\t\t\t\t\t\t<\/div>\n\t\t\t\t<\/div>\n\t\t\t\t\t<\/div>\n\t\t<\/div>\n\t\t\t\t\t<\/div>\n\t\t<\/section>\n\t\t\t\t\t<\/div>\n\t\t<\/div>\n\t\t\t\t\t<\/div>\n\t\t<\/section>\n\t\t\t\t<\/div>\n\t\t","protected":false},"excerpt":{"rendered":"<p>Winter Garden FL Winter Garden FL Im\u00f3veis Winter Garden \u00e9 uma cidade 23 km a oeste do centro de Orlando, na parte oeste do Condado de Orange, Fl\u00f3rida, Estados Unidos. Faz parte da \u00c1rea Metropolitana de Estat\u00edstica de Orlando-Kissimmee-Sanford, Fl\u00f3rida. Sua popula\u00e7\u00e3o era de 46.051 em 2019. Casas dispon\u00edveis para venda em Winter Garden FL&#8230;<\/p>\n","protected":false},"author":2,"featured_media":0,"parent":0,"menu_order":0,"comment_status":"closed","ping_status":"closed","template":"elementor_header_footer","meta":{"footnotes":""},"class_list":["post-9978","page","type-page","status-publish","hentry"],"yoast_head":"<!-- This site is optimized with the Yoast SEO plugin v27.1.1 - https:\/\/yoast.com\/product\/yoast-seo-wordpress\/ -->\n<title>Jardim de Inverno | Orlando homes for sale | Florida vacation homes<\/title>\n<meta name=\"robots\" content=\"index, follow, max-snippet:-1, max-image-preview:large, max-video-preview:-1\" \/>\n<link rel=\"canonical\" href=\"https:\/\/www.sevenrealty.com\/pt-br\/jardim-de-inverno\/\" \/>\n<meta property=\"og:locale\" content=\"pt_BR\" \/>\n<meta property=\"og:type\" content=\"article\" \/>\n<meta property=\"og:title\" content=\"Jardim de Inverno | Orlando homes for sale | Florida vacation homes\" \/>\n<meta property=\"og:description\" content=\"Winter Garden FL Winter Garden FL Im\u00f3veis Winter Garden \u00e9 uma cidade 23 km a oeste do centro de Orlando, na parte oeste do Condado de Orange, Fl\u00f3rida, Estados Unidos. Faz parte da \u00c1rea Metropolitana de Estat\u00edstica de Orlando-Kissimmee-Sanford, Fl\u00f3rida. Sua popula\u00e7\u00e3o era de 46.051 em 2019. Casas dispon\u00edveis para venda em Winter Garden FL...\" \/>\n<meta property=\"og:url\" content=\"https:\/\/www.sevenrealty.com\/pt-br\/jardim-de-inverno\/\" \/>\n<meta property=\"og:site_name\" content=\"Orlando homes for sale | Florida vacation homes\" \/>\n<meta property=\"article:publisher\" content=\"https:\/\/www.facebook.com\/sevenrealtyorlando\" \/>\n<meta property=\"article:modified_time\" content=\"2024-04-20T05:18:51+00:00\" \/>\n<meta property=\"og:image\" content=\"https:\/\/www.sevenrealty.com\/wp-content\/uploads\/2020\/02\/d003-4-768x512.jpg\" \/>\n<meta name=\"twitter:card\" content=\"summary_large_image\" \/>\n<script type=\"application\/ld+json\" class=\"yoast-schema-graph\">{\"@context\":\"https:\/\/schema.org\",\"@graph\":[{\"@type\":\"WebPage\",\"@id\":\"https:\/\/www.sevenrealty.com\/pt-br\/jardim-de-inverno\/\",\"url\":\"https:\/\/www.sevenrealty.com\/pt-br\/jardim-de-inverno\/\",\"name\":\"Jardim de Inverno | Orlando homes for sale | Florida vacation homes\",\"isPartOf\":{\"@id\":\"https:\/\/www.sevenrealty.com\/pt-br\/#website\"},\"primaryImageOfPage\":{\"@id\":\"https:\/\/www.sevenrealty.com\/pt-br\/jardim-de-inverno\/#primaryimage\"},\"image\":{\"@id\":\"https:\/\/www.sevenrealty.com\/pt-br\/jardim-de-inverno\/#primaryimage\"},\"thumbnailUrl\":\"https:\/\/www.sevenrealty.com\/wp-content\/uploads\/2020\/02\/d003-4-768x512.jpg\",\"datePublished\":\"2023-01-04T12:37:40+00:00\",\"dateModified\":\"2024-04-20T05:18:51+00:00\",\"breadcrumb\":{\"@id\":\"https:\/\/www.sevenrealty.com\/pt-br\/jardim-de-inverno\/#breadcrumb\"},\"inLanguage\":\"pt-BR\",\"potentialAction\":[{\"@type\":\"ReadAction\",\"target\":[\"https:\/\/www.sevenrealty.com\/pt-br\/jardim-de-inverno\/\"]}]},{\"@type\":\"ImageObject\",\"inLanguage\":\"pt-BR\",\"@id\":\"https:\/\/www.sevenrealty.com\/pt-br\/jardim-de-inverno\/#primaryimage\",\"url\":\"https:\/\/www.sevenrealty.com\/wp-content\/uploads\/2020\/02\/d003-4-768x512.jpg\",\"contentUrl\":\"https:\/\/www.sevenrealty.com\/wp-content\/uploads\/2020\/02\/d003-4-768x512.jpg\"},{\"@type\":\"BreadcrumbList\",\"@id\":\"https:\/\/www.sevenrealty.com\/pt-br\/jardim-de-inverno\/#breadcrumb\",\"itemListElement\":[{\"@type\":\"ListItem\",\"position\":1,\"name\":\"Home\",\"item\":\"https:\/\/www.sevenrealty.com\/pt-br\/\"},{\"@type\":\"ListItem\",\"position\":2,\"name\":\"Jardim de Inverno\"}]},{\"@type\":\"WebSite\",\"@id\":\"https:\/\/www.sevenrealty.com\/pt-br\/#website\",\"url\":\"https:\/\/www.sevenrealty.com\/pt-br\/\",\"name\":\"Orlando homes for sale | Florida vacation homes\",\"description\":\"Orlando Real Estate &amp; Homes | Buy a home in Orlando\",\"publisher\":{\"@id\":\"https:\/\/www.sevenrealty.com\/pt-br\/#organization\"},\"alternateName\":\"Homes for Sale in Orlando\",\"potentialAction\":[{\"@type\":\"SearchAction\",\"target\":{\"@type\":\"EntryPoint\",\"urlTemplate\":\"https:\/\/www.sevenrealty.com\/pt-br\/?s={search_term_string}\"},\"query-input\":{\"@type\":\"PropertyValueSpecification\",\"valueRequired\":true,\"valueName\":\"search_term_string\"}}],\"inLanguage\":\"pt-BR\"},{\"@type\":\"Organization\",\"@id\":\"https:\/\/www.sevenrealty.com\/pt-br\/#organization\",\"name\":\"Orlando homes for sale | Florida vacation homes\",\"alternateName\":\"Buy a home in Orlando\",\"url\":\"https:\/\/www.sevenrealty.com\/pt-br\/\",\"logo\":{\"@type\":\"ImageObject\",\"inLanguage\":\"pt-BR\",\"@id\":\"https:\/\/www.sevenrealty.com\/pt-br\/#\/schema\/logo\/image\/\",\"url\":\"https:\/\/www.sevenrealty.com\/wp-content\/uploads\/2024\/04\/favicon.png\",\"contentUrl\":\"https:\/\/www.sevenrealty.com\/wp-content\/uploads\/2024\/04\/favicon.png\",\"width\":225,\"height\":225,\"caption\":\"Orlando homes for sale | Florida vacation homes\"},\"image\":{\"@id\":\"https:\/\/www.sevenrealty.com\/pt-br\/#\/schema\/logo\/image\/\"},\"sameAs\":[\"https:\/\/www.facebook.com\/sevenrealtyorlando\",\"https:\/\/www.instagram.com\/sevenrealtyorlando\/\",\"https:\/\/www.youtube.com\/@sevenrealty7232\"]}]}<\/script>\n<!-- \/ Yoast SEO plugin. -->","yoast_head_json":{"title":"Jardim de Inverno | Orlando homes for sale | Florida vacation homes","robots":{"index":"index","follow":"follow","max-snippet":"max-snippet:-1","max-image-preview":"max-image-preview:large","max-video-preview":"max-video-preview:-1"},"canonical":"https:\/\/www.sevenrealty.com\/pt-br\/jardim-de-inverno\/","og_locale":"pt_BR","og_type":"article","og_title":"Jardim de Inverno | Orlando homes for sale | Florida vacation homes","og_description":"Winter Garden FL Winter Garden FL Im\u00f3veis Winter Garden \u00e9 uma cidade 23 km a oeste do centro de Orlando, na parte oeste do Condado de Orange, Fl\u00f3rida, Estados Unidos. Faz parte da \u00c1rea Metropolitana de Estat\u00edstica de Orlando-Kissimmee-Sanford, Fl\u00f3rida. Sua popula\u00e7\u00e3o era de 46.051 em 2019. Casas dispon\u00edveis para venda em Winter Garden FL...","og_url":"https:\/\/www.sevenrealty.com\/pt-br\/jardim-de-inverno\/","og_site_name":"Orlando homes for sale | Florida vacation homes","article_publisher":"https:\/\/www.facebook.com\/sevenrealtyorlando","article_modified_time":"2024-04-20T05:18:51+00:00","og_image":[{"url":"https:\/\/www.sevenrealty.com\/wp-content\/uploads\/2020\/02\/d003-4-768x512.jpg","type":"","width":"","height":""}],"twitter_card":"summary_large_image","schema":{"@context":"https:\/\/schema.org","@graph":[{"@type":"WebPage","@id":"https:\/\/www.sevenrealty.com\/pt-br\/jardim-de-inverno\/","url":"https:\/\/www.sevenrealty.com\/pt-br\/jardim-de-inverno\/","name":"Jardim de Inverno | Orlando homes for sale | Florida vacation homes","isPartOf":{"@id":"https:\/\/www.sevenrealty.com\/pt-br\/#website"},"primaryImageOfPage":{"@id":"https:\/\/www.sevenrealty.com\/pt-br\/jardim-de-inverno\/#primaryimage"},"image":{"@id":"https:\/\/www.sevenrealty.com\/pt-br\/jardim-de-inverno\/#primaryimage"},"thumbnailUrl":"https:\/\/www.sevenrealty.com\/wp-content\/uploads\/2020\/02\/d003-4-768x512.jpg","datePublished":"2023-01-04T12:37:40+00:00","dateModified":"2024-04-20T05:18:51+00:00","breadcrumb":{"@id":"https:\/\/www.sevenrealty.com\/pt-br\/jardim-de-inverno\/#breadcrumb"},"inLanguage":"pt-BR","potentialAction":[{"@type":"ReadAction","target":["https:\/\/www.sevenrealty.com\/pt-br\/jardim-de-inverno\/"]}]},{"@type":"ImageObject","inLanguage":"pt-BR","@id":"https:\/\/www.sevenrealty.com\/pt-br\/jardim-de-inverno\/#primaryimage","url":"https:\/\/www.sevenrealty.com\/wp-content\/uploads\/2020\/02\/d003-4-768x512.jpg","contentUrl":"https:\/\/www.sevenrealty.com\/wp-content\/uploads\/2020\/02\/d003-4-768x512.jpg"},{"@type":"BreadcrumbList","@id":"https:\/\/www.sevenrealty.com\/pt-br\/jardim-de-inverno\/#breadcrumb","itemListElement":[{"@type":"ListItem","position":1,"name":"Home","item":"https:\/\/www.sevenrealty.com\/pt-br\/"},{"@type":"ListItem","position":2,"name":"Jardim de Inverno"}]},{"@type":"WebSite","@id":"https:\/\/www.sevenrealty.com\/pt-br\/#website","url":"https:\/\/www.sevenrealty.com\/pt-br\/","name":"Orlando homes for sale | Florida vacation homes","description":"Orlando Real Estate &amp; Homes | Buy a home in Orlando","publisher":{"@id":"https:\/\/www.sevenrealty.com\/pt-br\/#organization"},"alternateName":"Homes for Sale in Orlando","potentialAction":[{"@type":"SearchAction","target":{"@type":"EntryPoint","urlTemplate":"https:\/\/www.sevenrealty.com\/pt-br\/?s={search_term_string}"},"query-input":{"@type":"PropertyValueSpecification","valueRequired":true,"valueName":"search_term_string"}}],"inLanguage":"pt-BR"},{"@type":"Organization","@id":"https:\/\/www.sevenrealty.com\/pt-br\/#organization","name":"Orlando homes for sale | Florida vacation homes","alternateName":"Buy a home in Orlando","url":"https:\/\/www.sevenrealty.com\/pt-br\/","logo":{"@type":"ImageObject","inLanguage":"pt-BR","@id":"https:\/\/www.sevenrealty.com\/pt-br\/#\/schema\/logo\/image\/","url":"https:\/\/www.sevenrealty.com\/wp-content\/uploads\/2024\/04\/favicon.png","contentUrl":"https:\/\/www.sevenrealty.com\/wp-content\/uploads\/2024\/04\/favicon.png","width":225,"height":225,"caption":"Orlando homes for sale | Florida vacation homes"},"image":{"@id":"https:\/\/www.sevenrealty.com\/pt-br\/#\/schema\/logo\/image\/"},"sameAs":["https:\/\/www.facebook.com\/sevenrealtyorlando","https:\/\/www.instagram.com\/sevenrealtyorlando\/","https:\/\/www.youtube.com\/@sevenrealty7232"]}]}},"_links":{"self":[{"href":"https:\/\/www.sevenrealty.com\/pt-br\/wp-json\/wp\/v2\/pages\/9978","targetHints":{"allow":["GET"]}}],"collection":[{"href":"https:\/\/www.sevenrealty.com\/pt-br\/wp-json\/wp\/v2\/pages"}],"about":[{"href":"https:\/\/www.sevenrealty.com\/pt-br\/wp-json\/wp\/v2\/types\/page"}],"author":[{"embeddable":true,"href":"https:\/\/www.sevenrealty.com\/pt-br\/wp-json\/wp\/v2\/users\/2"}],"replies":[{"embeddable":true,"href":"https:\/\/www.sevenrealty.com\/pt-br\/wp-json\/wp\/v2\/comments?post=9978"}],"version-history":[{"count":5,"href":"https:\/\/www.sevenrealty.com\/pt-br\/wp-json\/wp\/v2\/pages\/9978\/revisions"}],"predecessor-version":[{"id":10489,"href":"https:\/\/www.sevenrealty.com\/pt-br\/wp-json\/wp\/v2\/pages\/9978\/revisions\/10489"}],"wp:attachment":[{"href":"https:\/\/www.sevenrealty.com\/pt-br\/wp-json\/wp\/v2\/media?parent=9978"}],"curies":[{"name":"wp","href":"https:\/\/api.w.org\/{rel}","templated":true}]}}